{"id":710,"date":"2026-01-03T00:40:02","date_gmt":"2026-01-03T00:40:02","guid":{"rendered":"http:\/\/www.lifepilot-ubezpieczenia.pl\/blog\/cookie-policy\/"},"modified":"2026-02-14T14:27:08","modified_gmt":"2026-02-14T14:27:08","slug":"cookie-policy","status":"publish","type":"page","link":"https:\/\/www.lifepilot-ubezpieczenia.pl\/blog\/cookie-policy\/","title":{"rendered":"Polityka coockie"},"content":{"rendered":"\n<p>Ta strona zawiera szczeg\u00f3\u0142owe informacje na temat sposobu, w jaki wykorzystujemy pliki cookie na naszej stronie internetowej w celu ulepszenia komfortu przegl\u0105dania, poprawy wydajno\u015bci serwisu oraz dostarczania spersonalizowanych tre\u015bci. Pliki cookie to niewielkie pliki tekstowe zapisywane na Twoim urz\u0105dzeniu podczas odwiedzania naszej strony.<\/p>\n\n\n\n<p>Pomagaj\u0105 nam one zrozumie\u0107, w jaki spos\u00f3b u\u017cytkownicy korzystaj\u0105 z serwisu, co pozwala nam oferowa\u0107 p\u0142ynniejsze i bardziej efektywne do\u015bwiadczenie u\u017cytkownika. W poni\u017cszej tabeli znajdziesz szczeg\u00f3\u0142owe informacje dotycz\u0105ce ka\u017cdego rodzaju wykorzystywanych plik\u00f3w cookie, ich przeznaczenia oraz okresu, przez jaki s\u0105 przechowywane na Twoim urz\u0105dzeniu.<\/p>\n\n\n\n<p>Dbamy o poszanowanie Twojej prywatno\u015bci i zapewniamy pe\u0142n\u0105 transparentno\u015b\u0107 w zakresie danych zbieranych za pomoc\u0105 plik\u00f3w cookie. Wi\u0119cej informacji na temat sposobu przetwarzania danych osobowych znajdziesz w naszej Polityce Prywatno\u015bci.<\/p>\n\n\n<div class=\"wpconsent-cookie-policy\"><h2 class=\"wpconsent-cookie-category-name\">Niezb\u0119dne<\/h2><p class=\"wpconsent-cookie-category-description\">Niezb\u0119dne pliki cookie umo\u017cliwiaj\u0105 podstawowe funkcje i s\u0105 konieczne do prawid\u0142owego funkcjonowania witryny.<\/p><table class=\"wpconsent-cookie-policy-table\"><tr><th>Name<\/th><th>Description<\/th><th>Duration<\/th><\/tr><tr><td>wpconsent_preferences<\/td><td>This cookie is used to store the user&#039;s cookie consent preferences.<\/td><td>30 days<\/td><\/tr><\/table><\/div>\n\n\n\n<p><\/p>\n","protected":false},"excerpt":{"rendered":"<p>Ta strona zawiera szczeg\u00f3\u0142owe informacje na temat sposobu, w jaki wykorzystujemy pliki cookie na naszej stronie internetowej w celu ulepszenia komfortu przegl\u0105dania, poprawy wydajno\u015bci serwisu oraz dostarczania spersonalizowanych tre\u015bci. Pliki cookie to niewielkie pliki tekstowe zapisywane na Twoim urz\u0105dzeniu podczas odwiedzania naszej strony. Pomagaj\u0105 nam one zrozumie\u0107, w jaki spos\u00f3b u\u017cytkownicy korzystaj\u0105 z serwisu, co [&hellip;]<\/p>\n","protected":false},"author":1,"featured_media":0,"parent":0,"menu_order":0,"comment_status":"closed","ping_status":"closed","template":"","meta":{"_uag_custom_page_level_css":"","site-sidebar-layout":"default","site-content-layout":"","ast-site-content-layout":"default","site-content-style":"default","site-sidebar-style":"default","ast-global-header-display":"","ast-banner-title-visibility":"","ast-main-header-display":"","ast-hfb-above-header-display":"","ast-hfb-below-header-display":"","ast-hfb-mobile-header-display":"","site-post-title":"","ast-breadcrumbs-content":"","ast-featured-img":"","footer-sml-layout":"","ast-disable-related-posts":"","theme-transparent-header-meta":"","adv-header-id-meta":"","stick-header-meta":"","header-above-stick-meta":"","header-main-stick-meta":"","header-below-stick-meta":"","astra-migrate-meta-layouts":"default","ast-page-background-enabled":"default","ast-page-background-meta":{"desktop":{"background-color":"var(--ast-global-color-5)","background-image":"","background-repeat":"repeat","background-position":"center center","background-size":"auto","background-attachment":"scroll","background-type":"","background-media":"","overlay-type":"","overlay-color":"","overlay-opacity":"","overlay-gradient":""},"tablet":{"background-color":"","background-image":"","background-repeat":"repeat","background-position":"center center","background-size":"auto","background-attachment":"scroll","background-type":"","background-media":"","overlay-type":"","overlay-color":"","overlay-opacity":"","overlay-gradient":""},"mobile":{"background-color":"","background-image":"","background-repeat":"repeat","background-position":"center center","background-size":"auto","background-attachment":"scroll","background-type":"","background-media":"","overlay-type":"","overlay-color":"","overlay-opacity":"","overlay-gradient":""}},"ast-content-background-meta":{"desktop":{"background-color":"var(--ast-global-color-4)","background-image":"","background-repeat":"repeat","background-position":"center center","background-size":"auto","background-attachment":"scroll","background-type":"","background-media":"","overlay-type":"","overlay-color":"","overlay-opacity":"","overlay-gradient":""},"tablet":{"background-color":"var(--ast-global-color-4)","background-image":"","background-repeat":"repeat","background-position":"center center","background-size":"auto","background-attachment":"scroll","background-type":"","background-media":"","overlay-type":"","overlay-color":"","overlay-opacity":"","overlay-gradient":""},"mobile":{"background-color":"var(--ast-global-color-4)","background-image":"","background-repeat":"repeat","background-position":"center center","background-size":"auto","background-attachment":"scroll","background-type":"","background-media":"","overlay-type":"","overlay-color":"","overlay-opacity":"","overlay-gradient":""}},"_kadence_starter_templates_imported_post":false,"footnotes":""},"class_list":["post-710","page","type-page","status-publish","hentry"],"yoast_head":"<!-- This site is optimized with the Yoast SEO plugin v27.5 - https:\/\/yoast.com\/product\/yoast-seo-wordpress\/ -->\n<title>ciasteczka<\/title>\n<meta name=\"description\" content=\"Polityka Cookies \u2013 sprawd\u017a, jak wykorzystujemy pliki cookies, dane analityczne i marketingowe oraz jak zarz\u0105dza\u0107 zgodami zgodnie z RODO.\" \/>\n<meta name=\"robots\" content=\"index, follow, max-snippet:-1, max-image-preview:large, max-video-preview:-1\" \/>\n<link rel=\"canonical\" href=\"https:\/\/www.lifepilot-ubezpieczenia.pl\/blog\/cookie-policy\/\" \/>\n<meta property=\"og:locale\" content=\"pl_PL\" \/>\n<meta property=\"og:type\" content=\"article\" \/>\n<meta property=\"og:title\" content=\"ciasteczka\" \/>\n<meta property=\"og:description\" content=\"Polityka Cookies \u2013 sprawd\u017a, jak wykorzystujemy pliki cookies, dane analityczne i marketingowe oraz jak zarz\u0105dza\u0107 zgodami zgodnie z RODO.\" \/>\n<meta property=\"og:url\" content=\"https:\/\/www.lifepilot-ubezpieczenia.pl\/blog\/cookie-policy\/\" \/>\n<meta property=\"og:site_name\" content=\"LifePilot-Ubezpieczenia\" \/>\n<meta property=\"article:modified_time\" content=\"2026-02-14T14:27:08+00:00\" \/>\n<meta name=\"twitter:card\" content=\"summary_large_image\" \/>\n<script type=\"application\/ld+json\" class=\"yoast-schema-graph\">{\"@context\":\"https:\\\/\\\/schema.org\",\"@graph\":[{\"@type\":\"WebPage\",\"@id\":\"https:\\\/\\\/www.lifepilot-ubezpieczenia.pl\\\/blog\\\/cookie-policy\\\/\",\"url\":\"https:\\\/\\\/www.lifepilot-ubezpieczenia.pl\\\/blog\\\/cookie-policy\\\/\",\"name\":\"ciasteczka\",\"isPartOf\":{\"@id\":\"https:\\\/\\\/www.lifepilot-ubezpieczenia.pl\\\/blog\\\/#website\"},\"datePublished\":\"2026-01-03T00:40:02+00:00\",\"dateModified\":\"2026-02-14T14:27:08+00:00\",\"description\":\"Polityka Cookies \u2013 sprawd\u017a, jak wykorzystujemy pliki cookies, dane analityczne i marketingowe oraz jak zarz\u0105dza\u0107 zgodami zgodnie z RODO.\",\"breadcrumb\":{\"@id\":\"https:\\\/\\\/www.lifepilot-ubezpieczenia.pl\\\/blog\\\/cookie-policy\\\/#breadcrumb\"},\"inLanguage\":\"pl-PL\",\"potentialAction\":[{\"@type\":\"ReadAction\",\"target\":[\"https:\\\/\\\/www.lifepilot-ubezpieczenia.pl\\\/blog\\\/cookie-policy\\\/\"]}]},{\"@type\":\"BreadcrumbList\",\"@id\":\"https:\\\/\\\/www.lifepilot-ubezpieczenia.pl\\\/blog\\\/cookie-policy\\\/#breadcrumb\",\"itemListElement\":[{\"@type\":\"ListItem\",\"position\":1,\"name\":\"Strona g\u0142\u00f3wna\",\"item\":\"https:\\\/\\\/www.lifepilot-ubezpieczenia.pl\\\/blog\\\/\"},{\"@type\":\"ListItem\",\"position\":2,\"name\":\"Polityka coockie\"}]},{\"@type\":\"WebSite\",\"@id\":\"https:\\\/\\\/www.lifepilot-ubezpieczenia.pl\\\/blog\\\/#website\",\"url\":\"https:\\\/\\\/www.lifepilot-ubezpieczenia.pl\\\/blog\\\/\",\"name\":\"LifePilot-Ubezpieczenia\",\"description\":\"LifePilot\",\"publisher\":{\"@id\":\"https:\\\/\\\/www.lifepilot-ubezpieczenia.pl\\\/blog\\\/#organization\"},\"alternateName\":\"Ubezpieczenia all\",\"potentialAction\":[{\"@type\":\"SearchAction\",\"target\":{\"@type\":\"EntryPoint\",\"urlTemplate\":\"https:\\\/\\\/www.lifepilot-ubezpieczenia.pl\\\/blog\\\/?s={search_term_string}\"},\"query-input\":{\"@type\":\"PropertyValueSpecification\",\"valueRequired\":true,\"valueName\":\"search_term_string\"}}],\"inLanguage\":\"pl-PL\"},{\"@type\":\"Organization\",\"@id\":\"https:\\\/\\\/www.lifepilot-ubezpieczenia.pl\\\/blog\\\/#organization\",\"name\":\"LifePilot-Ubezpieczenia\",\"alternateName\":\"LifePilot\",\"url\":\"https:\\\/\\\/www.lifepilot-ubezpieczenia.pl\\\/blog\\\/\",\"logo\":{\"@type\":\"ImageObject\",\"inLanguage\":\"pl-PL\",\"@id\":\"https:\\\/\\\/www.lifepilot-ubezpieczenia.pl\\\/blog\\\/#\\\/schema\\\/logo\\\/image\\\/\",\"url\":\"https:\\\/\\\/www.lifepilot-ubezpieczenia.pl\\\/blog\\\/wp-content\\\/uploads\\\/2025\\\/12\\\/cropped-LifePilot1.png\",\"contentUrl\":\"https:\\\/\\\/www.lifepilot-ubezpieczenia.pl\\\/blog\\\/wp-content\\\/uploads\\\/2025\\\/12\\\/cropped-LifePilot1.png\",\"width\":408,\"height\":455,\"caption\":\"LifePilot-Ubezpieczenia\"},\"image\":{\"@id\":\"https:\\\/\\\/www.lifepilot-ubezpieczenia.pl\\\/blog\\\/#\\\/schema\\\/logo\\\/image\\\/\"}}]}<\/script>\n<!-- \/ Yoast SEO plugin. -->","yoast_head_json":{"title":"ciasteczka","description":"Polityka Cookies \u2013 sprawd\u017a, jak wykorzystujemy pliki cookies, dane analityczne i marketingowe oraz jak zarz\u0105dza\u0107 zgodami zgodnie z RODO.","robots":{"index":"index","follow":"follow","max-snippet":"max-snippet:-1","max-image-preview":"max-image-preview:large","max-video-preview":"max-video-preview:-1"},"canonical":"https:\/\/www.lifepilot-ubezpieczenia.pl\/blog\/cookie-policy\/","og_locale":"pl_PL","og_type":"article","og_title":"ciasteczka","og_description":"Polityka Cookies \u2013 sprawd\u017a, jak wykorzystujemy pliki cookies, dane analityczne i marketingowe oraz jak zarz\u0105dza\u0107 zgodami zgodnie z RODO.","og_url":"https:\/\/www.lifepilot-ubezpieczenia.pl\/blog\/cookie-policy\/","og_site_name":"LifePilot-Ubezpieczenia","article_modified_time":"2026-02-14T14:27:08+00:00","twitter_card":"summary_large_image","schema":{"@context":"https:\/\/schema.org","@graph":[{"@type":"WebPage","@id":"https:\/\/www.lifepilot-ubezpieczenia.pl\/blog\/cookie-policy\/","url":"https:\/\/www.lifepilot-ubezpieczenia.pl\/blog\/cookie-policy\/","name":"ciasteczka","isPartOf":{"@id":"https:\/\/www.lifepilot-ubezpieczenia.pl\/blog\/#website"},"datePublished":"2026-01-03T00:40:02+00:00","dateModified":"2026-02-14T14:27:08+00:00","description":"Polityka Cookies \u2013 sprawd\u017a, jak wykorzystujemy pliki cookies, dane analityczne i marketingowe oraz jak zarz\u0105dza\u0107 zgodami zgodnie z RODO.","breadcrumb":{"@id":"https:\/\/www.lifepilot-ubezpieczenia.pl\/blog\/cookie-policy\/#breadcrumb"},"inLanguage":"pl-PL","potentialAction":[{"@type":"ReadAction","target":["https:\/\/www.lifepilot-ubezpieczenia.pl\/blog\/cookie-policy\/"]}]},{"@type":"BreadcrumbList","@id":"https:\/\/www.lifepilot-ubezpieczenia.pl\/blog\/cookie-policy\/#breadcrumb","itemListElement":[{"@type":"ListItem","position":1,"name":"Strona g\u0142\u00f3wna","item":"https:\/\/www.lifepilot-ubezpieczenia.pl\/blog\/"},{"@type":"ListItem","position":2,"name":"Polityka coockie"}]},{"@type":"WebSite","@id":"https:\/\/www.lifepilot-ubezpieczenia.pl\/blog\/#website","url":"https:\/\/www.lifepilot-ubezpieczenia.pl\/blog\/","name":"LifePilot-Ubezpieczenia","description":"LifePilot","publisher":{"@id":"https:\/\/www.lifepilot-ubezpieczenia.pl\/blog\/#organization"},"alternateName":"Ubezpieczenia all","potentialAction":[{"@type":"SearchAction","target":{"@type":"EntryPoint","urlTemplate":"https:\/\/www.lifepilot-ubezpieczenia.pl\/blog\/?s={search_term_string}"},"query-input":{"@type":"PropertyValueSpecification","valueRequired":true,"valueName":"search_term_string"}}],"inLanguage":"pl-PL"},{"@type":"Organization","@id":"https:\/\/www.lifepilot-ubezpieczenia.pl\/blog\/#organization","name":"LifePilot-Ubezpieczenia","alternateName":"LifePilot","url":"https:\/\/www.lifepilot-ubezpieczenia.pl\/blog\/","logo":{"@type":"ImageObject","inLanguage":"pl-PL","@id":"https:\/\/www.lifepilot-ubezpieczenia.pl\/blog\/#\/schema\/logo\/image\/","url":"https:\/\/www.lifepilot-ubezpieczenia.pl\/blog\/wp-content\/uploads\/2025\/12\/cropped-LifePilot1.png","contentUrl":"https:\/\/www.lifepilot-ubezpieczenia.pl\/blog\/wp-content\/uploads\/2025\/12\/cropped-LifePilot1.png","width":408,"height":455,"caption":"LifePilot-Ubezpieczenia"},"image":{"@id":"https:\/\/www.lifepilot-ubezpieczenia.pl\/blog\/#\/schema\/logo\/image\/"}}]}},"uagb_featured_image_src":{"full":false,"thumbnail":false,"medium":false,"medium_large":false,"large":false,"1536x1536":false,"2048x2048":false},"uagb_author_info":{"display_name":"admin","author_link":"https:\/\/www.lifepilot-ubezpieczenia.pl\/blog\/author\/admin\/"},"uagb_comment_info":0,"uagb_excerpt":"Ta strona zawiera szczeg\u00f3\u0142owe informacje na temat sposobu, w jaki wykorzystujemy pliki cookie na naszej stronie internetowej w celu ulepszenia komfortu przegl\u0105dania, poprawy wydajno\u015bci serwisu oraz dostarczania spersonalizowanych tre\u015bci. Pliki cookie to niewielkie pliki tekstowe zapisywane na Twoim urz\u0105dzeniu podczas odwiedzania naszej strony. Pomagaj\u0105 nam one zrozumie\u0107, w jaki spos\u00f3b u\u017cytkownicy korzystaj\u0105 z serwisu, co&hellip;","_links":{"self":[{"href":"https:\/\/www.lifepilot-ubezpieczenia.pl\/blog\/wp-json\/wp\/v2\/pages\/710","targetHints":{"allow":["GET"]}}],"collection":[{"href":"https:\/\/www.lifepilot-ubezpieczenia.pl\/blog\/wp-json\/wp\/v2\/pages"}],"about":[{"href":"https:\/\/www.lifepilot-ubezpieczenia.pl\/blog\/wp-json\/wp\/v2\/types\/page"}],"author":[{"embeddable":true,"href":"https:\/\/www.lifepilot-ubezpieczenia.pl\/blog\/wp-json\/wp\/v2\/users\/1"}],"replies":[{"embeddable":true,"href":"https:\/\/www.lifepilot-ubezpieczenia.pl\/blog\/wp-json\/wp\/v2\/comments?post=710"}],"version-history":[{"count":2,"href":"https:\/\/www.lifepilot-ubezpieczenia.pl\/blog\/wp-json\/wp\/v2\/pages\/710\/revisions"}],"predecessor-version":[{"id":994,"href":"https:\/\/www.lifepilot-ubezpieczenia.pl\/blog\/wp-json\/wp\/v2\/pages\/710\/revisions\/994"}],"wp:attachment":[{"href":"https:\/\/www.lifepilot-ubezpieczenia.pl\/blog\/wp-json\/wp\/v2\/media?parent=710"}],"curies":[{"name":"wp","href":"https:\/\/api.w.org\/{rel}","templated":true}]}}