{"id":507,"date":"2025-12-24T20:42:56","date_gmt":"2025-12-24T20:42:56","guid":{"rendered":"http:\/\/www.lifepilot-ubezpieczenia.pl\/blog\/?page_id=507"},"modified":"2026-02-14T14:29:44","modified_gmt":"2026-02-14T14:29:44","slug":"obowiazek-informacyjny-rodo","status":"publish","type":"page","link":"https:\/\/www.lifepilot-ubezpieczenia.pl\/blog\/obowiazek-informacyjny-rodo\/","title":{"rendered":"Obowi\u0105zek informacyjny (RODO)"},"content":{"rendered":"\t\t<div data-elementor-type=\"wp-page\" data-elementor-id=\"507\" class=\"elementor elementor-507\">\n\t\t\t\t<div class=\"elementor-element elementor-element-e783130 e-flex e-con-boxed e-con e-parent\" data-id=\"e783130\" data-element_type=\"container\" data-e-type=\"container\">\n\t\t\t\t\t<div class=\"e-con-inner\">\n\t\t\t\t<div class=\"elementor-element elementor-element-1af8236 elementor-widget elementor-widget-heading\" data-id=\"1af8236\" data-element_type=\"widget\" data-e-type=\"widget\" data-widget_type=\"heading.default\">\n\t\t\t\t\t<h4 class=\"elementor-heading-title elementor-size-default\">Obowi\u0105zek informacyjny<\/h4>\t\t\t\t<\/div>\n\t\t\t\t\t<\/div>\n\t\t\t\t<\/div>\n\t\t<div class=\"elementor-element elementor-element-ef5e695 e-flex e-con-boxed e-con e-parent\" data-id=\"ef5e695\" data-element_type=\"container\" data-e-type=\"container\">\n\t\t\t\t\t<div class=\"e-con-inner\">\n\t\t\t\t<div class=\"elementor-element elementor-element-17d01e3 elementor-widget-divider--view-line elementor-widget elementor-widget-divider\" data-id=\"17d01e3\" data-element_type=\"widget\" data-e-type=\"widget\" data-widget_type=\"divider.default\">\n\t\t\t\t\t\t\t<div class=\"elementor-divider\">\n\t\t\t<span class=\"elementor-divider-separator\">\n\t\t\t\t\t\t<\/span>\n\t\t<\/div>\n\t\t\t\t\t\t<\/div>\n\t\t\t\t\t<\/div>\n\t\t\t\t<\/div>\n\t\t<div class=\"elementor-element elementor-element-dcf1934 e-flex e-con-boxed e-con e-parent\" data-id=\"dcf1934\" data-element_type=\"container\" data-e-type=\"container\">\n\t\t\t\t\t<div class=\"e-con-inner\">\n\t\t\t\t<div class=\"elementor-element elementor-element-207da3c elementor-widget elementor-widget-text-editor\" data-id=\"207da3c\" data-element_type=\"widget\" data-e-type=\"widget\" data-widget_type=\"text-editor.default\">\n\t\t\t\t\t\t\t\t\t<p>Administratorem danych osobowych jest <strong>OVB Allfinanz Polska Sp\u00f3\u0142ka Finansowa Sp. z o. o. z siedzib\u0105 w Warszawie (01-527) przy ul. Mieros\u0142awskiego 11A (dalej OVB).<\/strong><\/p><p>W jakim celu i na jakiej podstawie przetwarzamy Pani\/Pana dane?<br \/>Pani\/Pana dane b\u0119d\u0105 przetwarzane w celach marketingowych.<\/p><p>Podstaw\u0105 przetwarzania danych osobowych jest art. 6 ust. 1 pkt a) RODO &#8211; osoba, kt\u00f3rej dane dotycz\u0105 wyrazi\u0142a zgod\u0119 na przetwarzanie swoich danych osobowych. W ka\u017cdym momencie zgoda na przetwarzanie Pani\/Pana danych mo\u017ce by\u0107 cofni\u0119ta.\u00a0\u00a0\u00a0\u00a0\u00a0\u00a0\u00a0\u00a0\u00a0\u00a0\u00a0<\/p><p>OVB b\u0119dzie udost\u0119pnia\u0107 Pani\/Pana dane osobowe innym odbiorcom, kt\u00f3rym powierzono przetwarzanie danych osobowych w imieniu OVB. Ponadto OVB b\u0119dzie udost\u0119pnia\u0107 Pani\/Pana dane osobowe innym odbiorcom, o ile taki obowi\u0105zek b\u0119dzie wynika\u0107 z przepis\u00f3w prawa.\u00a0\u00a0\u00a0\u00a0\u00a0\u00a0\u00a0\u00a0<\/p><p>Pani\/Pana dane nie b\u0119d\u0105 przekazywane do pa\u0144stw trzecich i organizacji mi\u0119dzynarodowych.\u00a0\u00a0<\/p><p>Jak d\u0142ugo b\u0119dziemy przetwarza\u0107 Pani\/Pana dane? <br \/>Pani\/Pana dane osobowe b\u0119d\u0105 przechowywane do momentu zg\u0142oszenia sprzeciwu wobec przetwarzania danych osobowych lub do momentu cofni\u0119cia zgody na przetwarzanie danych osobowych. Zg\u0142oszenie to nale\u017cy kierowa\u0107 pod adres <strong>dane.osobowe@ovb.com.pl<\/strong> <u>Podanie danych osobowych jest dobrowolne, aczkolwiek bez podania danych osobowych nie jest mo\u017cliwe przedstawienie oferty.<\/u>\u00a0\u00a0<\/p><p>Jakie przys\u0142uguj\u0105 Pani\/Panu prawa? <br \/>Przys\u0142uguje Pani\/Panu prawo:<\/p><ul><li>dost\u0119pu do swoich danych osobowych i otrzymania kopii danych osobowych podlegaj\u0105cych przetwarzaniu; sprostowania swoich nieprawid\u0142owych danych;<\/li><li>\u017c\u0105dania usuni\u0119cia danych (prawo do bycia zapomnianym) w przypadku wyst\u0105pienia okoliczno\u015bci przewidzianych w art. 17 RODO;<\/li><li>\u017c\u0105dania ograniczenia przetwarzania danych w przypadkach wskazanych w art. 18 RODO; wniesienia sprzeciwu wobec przetwarzania danych w przypad- kach wskazanych w art. 21 RODO;<\/li><li>przenoszenia dostarczonych danych, przetwarzanych w spos\u00f3b zautomatyzowany.<\/li><\/ul><p>Je\u017celi Pani\/Pan uwa\u017ca, \u017ce dane s\u0105 przetwarzane niezgodnie z prawem, mo\u017ce Pani\/Pan wnie\u015b\u0107 skarg\u0119 do organu nadzorczego zajmuj\u0105cego si\u0119 ochron\u0105 danych osobowych.\u00a0<\/p><p>Je\u015bli potrzebuje Pani\/Pan dodatkowych informacji zwi\u0105zanych z ochron\u0105 danych osobowych lub chce skorzysta\u0107 z przys\u0142uguj\u0105cych praw, prosimy o kontakt z nami: <br \/><strong>Inspektor Ochrony Danych E-mail: dane.osobowe@ovb.com.pl OVB Allfinanz Polska Sp\u00f3\u0142ka Finansowa Sp. z o.o. z siedzib\u0105 w Warszawie (01-527) przy ul. Mieros\u0142awskiego 11A.<\/strong><\/p>\t\t\t\t\t\t\t\t<\/div>\n\t\t\t\t\t<\/div>\n\t\t\t\t<\/div>\n\t\t\t\t<\/div>\n\t\t","protected":false},"excerpt":{"rendered":"<p>Obowi\u0105zek informacyjny Administratorem danych osobowych jest OVB Allfinanz Polska Sp\u00f3\u0142ka Finansowa Sp. z o. o. z siedzib\u0105 w Warszawie (01-527) przy ul. Mieros\u0142awskiego 11A (dalej OVB). W jakim celu i na jakiej podstawie przetwarzamy Pani\/Pana dane?Pani\/Pana dane b\u0119d\u0105 przetwarzane w celach marketingowych. Podstaw\u0105 przetwarzania danych osobowych jest art. 6 ust. 1 pkt a) RODO &#8211; [&hellip;]<\/p>\n","protected":false},"author":1,"featured_media":0,"parent":0,"menu_order":0,"comment_status":"closed","ping_status":"closed","template":"","meta":{"_uag_custom_page_level_css":"","site-sidebar-layout":"default","site-content-layout":"","ast-site-content-layout":"default","site-content-style":"default","site-sidebar-style":"default","ast-global-header-display":"","ast-banner-title-visibility":"","ast-main-header-display":"","ast-hfb-above-header-display":"","ast-hfb-below-header-display":"","ast-hfb-mobile-header-display":"","site-post-title":"","ast-breadcrumbs-content":"","ast-featured-img":"","footer-sml-layout":"","ast-disable-related-posts":"","theme-transparent-header-meta":"","adv-header-id-meta":"","stick-header-meta":"","header-above-stick-meta":"","header-main-stick-meta":"","header-below-stick-meta":"","astra-migrate-meta-layouts":"default","ast-page-background-enabled":"default","ast-page-background-meta":{"desktop":{"background-color":"var(--ast-global-color-5)","background-image":"","background-repeat":"repeat","background-position":"center center","background-size":"auto","background-attachment":"scroll","background-type":"","background-media":"","overlay-type":"","overlay-color":"","overlay-opacity":"","overlay-gradient":""},"tablet":{"background-color":"","background-image":"","background-repeat":"repeat","background-position":"center center","background-size":"auto","background-attachment":"scroll","background-type":"","background-media":"","overlay-type":"","overlay-color":"","overlay-opacity":"","overlay-gradient":""},"mobile":{"background-color":"","background-image":"","background-repeat":"repeat","background-position":"center center","background-size":"auto","background-attachment":"scroll","background-type":"","background-media":"","overlay-type":"","overlay-color":"","overlay-opacity":"","overlay-gradient":""}},"ast-content-background-meta":{"desktop":{"background-color":"var(--ast-global-color-4)","background-image":"","background-repeat":"repeat","background-position":"center center","background-size":"auto","background-attachment":"scroll","background-type":"","background-media":"","overlay-type":"","overlay-color":"","overlay-opacity":"","overlay-gradient":""},"tablet":{"background-color":"var(--ast-global-color-4)","background-image":"","background-repeat":"repeat","background-position":"center center","background-size":"auto","background-attachment":"scroll","background-type":"","background-media":"","overlay-type":"","overlay-color":"","overlay-opacity":"","overlay-gradient":""},"mobile":{"background-color":"var(--ast-global-color-4)","background-image":"","background-repeat":"repeat","background-position":"center center","background-size":"auto","background-attachment":"scroll","background-type":"","background-media":"","overlay-type":"","overlay-color":"","overlay-opacity":"","overlay-gradient":""}},"_kadence_starter_templates_imported_post":false,"footnotes":""},"class_list":["post-507","page","type-page","status-publish","hentry"],"yoast_head":"<!-- This site is optimized with the Yoast SEO plugin v27.5 - https:\/\/yoast.com\/product\/yoast-seo-wordpress\/ -->\n<title>RODO<\/title>\n<meta name=\"description\" content=\"RODO \u2013 poznaj zasady ochrony danych osobowych, obowi\u0105zki administratora i prawa u\u017cytkownik\u00f3w zgodnie z przepisami UE.\" \/>\n<meta name=\"robots\" content=\"index, follow, max-snippet:-1, max-image-preview:large, max-video-preview:-1\" \/>\n<link rel=\"canonical\" href=\"https:\/\/www.lifepilot-ubezpieczenia.pl\/blog\/obowiazek-informacyjny-rodo\/\" \/>\n<meta property=\"og:locale\" content=\"pl_PL\" \/>\n<meta property=\"og:type\" content=\"article\" \/>\n<meta property=\"og:title\" content=\"RODO\" \/>\n<meta property=\"og:description\" content=\"RODO \u2013 poznaj zasady ochrony danych osobowych, obowi\u0105zki administratora i prawa u\u017cytkownik\u00f3w zgodnie z przepisami UE.\" \/>\n<meta property=\"og:url\" content=\"https:\/\/www.lifepilot-ubezpieczenia.pl\/blog\/obowiazek-informacyjny-rodo\/\" \/>\n<meta property=\"og:site_name\" content=\"LifePilot-Ubezpieczenia\" \/>\n<meta property=\"article:modified_time\" content=\"2026-02-14T14:29:44+00:00\" \/>\n<meta name=\"twitter:card\" content=\"summary_large_image\" \/>\n<script type=\"application\/ld+json\" class=\"yoast-schema-graph\">{\"@context\":\"https:\\\/\\\/schema.org\",\"@graph\":[{\"@type\":\"WebPage\",\"@id\":\"https:\\\/\\\/www.lifepilot-ubezpieczenia.pl\\\/blog\\\/obowiazek-informacyjny-rodo\\\/\",\"url\":\"https:\\\/\\\/www.lifepilot-ubezpieczenia.pl\\\/blog\\\/obowiazek-informacyjny-rodo\\\/\",\"name\":\"RODO\",\"isPartOf\":{\"@id\":\"https:\\\/\\\/www.lifepilot-ubezpieczenia.pl\\\/blog\\\/#website\"},\"datePublished\":\"2025-12-24T20:42:56+00:00\",\"dateModified\":\"2026-02-14T14:29:44+00:00\",\"description\":\"RODO \u2013 poznaj zasady ochrony danych osobowych, obowi\u0105zki administratora i prawa u\u017cytkownik\u00f3w zgodnie z przepisami UE.\",\"breadcrumb\":{\"@id\":\"https:\\\/\\\/www.lifepilot-ubezpieczenia.pl\\\/blog\\\/obowiazek-informacyjny-rodo\\\/#breadcrumb\"},\"inLanguage\":\"pl-PL\",\"potentialAction\":[{\"@type\":\"ReadAction\",\"target\":[\"https:\\\/\\\/www.lifepilot-ubezpieczenia.pl\\\/blog\\\/obowiazek-informacyjny-rodo\\\/\"]}]},{\"@type\":\"BreadcrumbList\",\"@id\":\"https:\\\/\\\/www.lifepilot-ubezpieczenia.pl\\\/blog\\\/obowiazek-informacyjny-rodo\\\/#breadcrumb\",\"itemListElement\":[{\"@type\":\"ListItem\",\"position\":1,\"name\":\"Strona g\u0142\u00f3wna\",\"item\":\"https:\\\/\\\/www.lifepilot-ubezpieczenia.pl\\\/blog\\\/\"},{\"@type\":\"ListItem\",\"position\":2,\"name\":\"Obowi\u0105zek informacyjny (RODO)\"}]},{\"@type\":\"WebSite\",\"@id\":\"https:\\\/\\\/www.lifepilot-ubezpieczenia.pl\\\/blog\\\/#website\",\"url\":\"https:\\\/\\\/www.lifepilot-ubezpieczenia.pl\\\/blog\\\/\",\"name\":\"LifePilot-Ubezpieczenia\",\"description\":\"LifePilot\",\"publisher\":{\"@id\":\"https:\\\/\\\/www.lifepilot-ubezpieczenia.pl\\\/blog\\\/#organization\"},\"alternateName\":\"Ubezpieczenia all\",\"potentialAction\":[{\"@type\":\"SearchAction\",\"target\":{\"@type\":\"EntryPoint\",\"urlTemplate\":\"https:\\\/\\\/www.lifepilot-ubezpieczenia.pl\\\/blog\\\/?s={search_term_string}\"},\"query-input\":{\"@type\":\"PropertyValueSpecification\",\"valueRequired\":true,\"valueName\":\"search_term_string\"}}],\"inLanguage\":\"pl-PL\"},{\"@type\":\"Organization\",\"@id\":\"https:\\\/\\\/www.lifepilot-ubezpieczenia.pl\\\/blog\\\/#organization\",\"name\":\"LifePilot-Ubezpieczenia\",\"alternateName\":\"LifePilot\",\"url\":\"https:\\\/\\\/www.lifepilot-ubezpieczenia.pl\\\/blog\\\/\",\"logo\":{\"@type\":\"ImageObject\",\"inLanguage\":\"pl-PL\",\"@id\":\"https:\\\/\\\/www.lifepilot-ubezpieczenia.pl\\\/blog\\\/#\\\/schema\\\/logo\\\/image\\\/\",\"url\":\"https:\\\/\\\/www.lifepilot-ubezpieczenia.pl\\\/blog\\\/wp-content\\\/uploads\\\/2025\\\/12\\\/cropped-LifePilot1.png\",\"contentUrl\":\"https:\\\/\\\/www.lifepilot-ubezpieczenia.pl\\\/blog\\\/wp-content\\\/uploads\\\/2025\\\/12\\\/cropped-LifePilot1.png\",\"width\":408,\"height\":455,\"caption\":\"LifePilot-Ubezpieczenia\"},\"image\":{\"@id\":\"https:\\\/\\\/www.lifepilot-ubezpieczenia.pl\\\/blog\\\/#\\\/schema\\\/logo\\\/image\\\/\"}}]}<\/script>\n<!-- \/ Yoast SEO plugin. -->","yoast_head_json":{"title":"RODO","description":"RODO \u2013 poznaj zasady ochrony danych osobowych, obowi\u0105zki administratora i prawa u\u017cytkownik\u00f3w zgodnie z przepisami UE.","robots":{"index":"index","follow":"follow","max-snippet":"max-snippet:-1","max-image-preview":"max-image-preview:large","max-video-preview":"max-video-preview:-1"},"canonical":"https:\/\/www.lifepilot-ubezpieczenia.pl\/blog\/obowiazek-informacyjny-rodo\/","og_locale":"pl_PL","og_type":"article","og_title":"RODO","og_description":"RODO \u2013 poznaj zasady ochrony danych osobowych, obowi\u0105zki administratora i prawa u\u017cytkownik\u00f3w zgodnie z przepisami UE.","og_url":"https:\/\/www.lifepilot-ubezpieczenia.pl\/blog\/obowiazek-informacyjny-rodo\/","og_site_name":"LifePilot-Ubezpieczenia","article_modified_time":"2026-02-14T14:29:44+00:00","twitter_card":"summary_large_image","schema":{"@context":"https:\/\/schema.org","@graph":[{"@type":"WebPage","@id":"https:\/\/www.lifepilot-ubezpieczenia.pl\/blog\/obowiazek-informacyjny-rodo\/","url":"https:\/\/www.lifepilot-ubezpieczenia.pl\/blog\/obowiazek-informacyjny-rodo\/","name":"RODO","isPartOf":{"@id":"https:\/\/www.lifepilot-ubezpieczenia.pl\/blog\/#website"},"datePublished":"2025-12-24T20:42:56+00:00","dateModified":"2026-02-14T14:29:44+00:00","description":"RODO \u2013 poznaj zasady ochrony danych osobowych, obowi\u0105zki administratora i prawa u\u017cytkownik\u00f3w zgodnie z przepisami UE.","breadcrumb":{"@id":"https:\/\/www.lifepilot-ubezpieczenia.pl\/blog\/obowiazek-informacyjny-rodo\/#breadcrumb"},"inLanguage":"pl-PL","potentialAction":[{"@type":"ReadAction","target":["https:\/\/www.lifepilot-ubezpieczenia.pl\/blog\/obowiazek-informacyjny-rodo\/"]}]},{"@type":"BreadcrumbList","@id":"https:\/\/www.lifepilot-ubezpieczenia.pl\/blog\/obowiazek-informacyjny-rodo\/#breadcrumb","itemListElement":[{"@type":"ListItem","position":1,"name":"Strona g\u0142\u00f3wna","item":"https:\/\/www.lifepilot-ubezpieczenia.pl\/blog\/"},{"@type":"ListItem","position":2,"name":"Obowi\u0105zek informacyjny (RODO)"}]},{"@type":"WebSite","@id":"https:\/\/www.lifepilot-ubezpieczenia.pl\/blog\/#website","url":"https:\/\/www.lifepilot-ubezpieczenia.pl\/blog\/","name":"LifePilot-Ubezpieczenia","description":"LifePilot","publisher":{"@id":"https:\/\/www.lifepilot-ubezpieczenia.pl\/blog\/#organization"},"alternateName":"Ubezpieczenia all","potentialAction":[{"@type":"SearchAction","target":{"@type":"EntryPoint","urlTemplate":"https:\/\/www.lifepilot-ubezpieczenia.pl\/blog\/?s={search_term_string}"},"query-input":{"@type":"PropertyValueSpecification","valueRequired":true,"valueName":"search_term_string"}}],"inLanguage":"pl-PL"},{"@type":"Organization","@id":"https:\/\/www.lifepilot-ubezpieczenia.pl\/blog\/#organization","name":"LifePilot-Ubezpieczenia","alternateName":"LifePilot","url":"https:\/\/www.lifepilot-ubezpieczenia.pl\/blog\/","logo":{"@type":"ImageObject","inLanguage":"pl-PL","@id":"https:\/\/www.lifepilot-ubezpieczenia.pl\/blog\/#\/schema\/logo\/image\/","url":"https:\/\/www.lifepilot-ubezpieczenia.pl\/blog\/wp-content\/uploads\/2025\/12\/cropped-LifePilot1.png","contentUrl":"https:\/\/www.lifepilot-ubezpieczenia.pl\/blog\/wp-content\/uploads\/2025\/12\/cropped-LifePilot1.png","width":408,"height":455,"caption":"LifePilot-Ubezpieczenia"},"image":{"@id":"https:\/\/www.lifepilot-ubezpieczenia.pl\/blog\/#\/schema\/logo\/image\/"}}]}},"uagb_featured_image_src":{"full":false,"thumbnail":false,"medium":false,"medium_large":false,"large":false,"1536x1536":false,"2048x2048":false},"uagb_author_info":{"display_name":"admin","author_link":"https:\/\/www.lifepilot-ubezpieczenia.pl\/blog\/author\/admin\/"},"uagb_comment_info":0,"uagb_excerpt":"Obowi\u0105zek informacyjny Administratorem danych osobowych jest OVB Allfinanz Polska Sp\u00f3\u0142ka Finansowa Sp. z o. o. z siedzib\u0105 w Warszawie (01-527) przy ul. Mieros\u0142awskiego 11A (dalej OVB). W jakim celu i na jakiej podstawie przetwarzamy Pani\/Pana dane?Pani\/Pana dane b\u0119d\u0105 przetwarzane w celach marketingowych. Podstaw\u0105 przetwarzania danych osobowych jest art. 6 ust. 1 pkt a) RODO &#8211;&hellip;","_links":{"self":[{"href":"https:\/\/www.lifepilot-ubezpieczenia.pl\/blog\/wp-json\/wp\/v2\/pages\/507","targetHints":{"allow":["GET"]}}],"collection":[{"href":"https:\/\/www.lifepilot-ubezpieczenia.pl\/blog\/wp-json\/wp\/v2\/pages"}],"about":[{"href":"https:\/\/www.lifepilot-ubezpieczenia.pl\/blog\/wp-json\/wp\/v2\/types\/page"}],"author":[{"embeddable":true,"href":"https:\/\/www.lifepilot-ubezpieczenia.pl\/blog\/wp-json\/wp\/v2\/users\/1"}],"replies":[{"embeddable":true,"href":"https:\/\/www.lifepilot-ubezpieczenia.pl\/blog\/wp-json\/wp\/v2\/comments?post=507"}],"version-history":[{"count":7,"href":"https:\/\/www.lifepilot-ubezpieczenia.pl\/blog\/wp-json\/wp\/v2\/pages\/507\/revisions"}],"predecessor-version":[{"id":609,"href":"https:\/\/www.lifepilot-ubezpieczenia.pl\/blog\/wp-json\/wp\/v2\/pages\/507\/revisions\/609"}],"wp:attachment":[{"href":"https:\/\/www.lifepilot-ubezpieczenia.pl\/blog\/wp-json\/wp\/v2\/media?parent=507"}],"curies":[{"name":"wp","href":"https:\/\/api.w.org\/{rel}","templated":true}]}}