{"id":425,"date":"2025-12-21T22:58:44","date_gmt":"2025-12-21T22:58:44","guid":{"rendered":"http:\/\/www.lifepilot-ubezpieczenia.pl\/blog\/?page_id=425"},"modified":"2026-02-14T14:03:41","modified_gmt":"2026-02-14T14:03:41","slug":"ubezpieczenia-rolne","status":"publish","type":"page","link":"https:\/\/www.lifepilot-ubezpieczenia.pl\/blog\/ubezpieczenia-rolne\/","title":{"rendered":"Ubezpieczenia rolne"},"content":{"rendered":"\t\t<div data-elementor-type=\"wp-page\" data-elementor-id=\"425\" class=\"elementor elementor-425\">\n\t\t\t\t<div class=\"elementor-element elementor-element-8c66348 e-flex e-con-boxed e-con e-parent\" data-id=\"8c66348\" data-element_type=\"container\" data-e-type=\"container\">\n\t\t\t\t\t<div class=\"e-con-inner\">\n\t\t\t\t<div class=\"elementor-element elementor-element-1ab0a8d elementor-widget elementor-widget-heading\" data-id=\"1ab0a8d\" data-element_type=\"widget\" data-e-type=\"widget\" data-widget_type=\"heading.default\">\n\t\t\t\t\t<h4 class=\"elementor-heading-title elementor-size-default\">Stabilno\u015b\u0107 i ochrona gospodarstwa rolnego<\/h4>\t\t\t\t<\/div>\n\t\t\t\t\t<\/div>\n\t\t\t\t<\/div>\n\t\t<div class=\"elementor-element elementor-element-be09c13 e-flex e-con-boxed e-con e-parent\" data-id=\"be09c13\" data-element_type=\"container\" data-e-type=\"container\">\n\t\t\t\t\t<div class=\"e-con-inner\">\n\t\t<div class=\"elementor-element elementor-element-f74e427 e-con-full e-flex e-con e-child\" data-id=\"f74e427\" data-element_type=\"container\" data-e-type=\"container\">\n\t\t\t\t<div class=\"elementor-element elementor-element-af0eb99 elementor-widget elementor-widget-text-editor\" data-id=\"af0eb99\" data-element_type=\"widget\" data-e-type=\"widget\" data-widget_type=\"text-editor.default\">\n\t\t\t\t\t\t\t\t\t<p>Ubezpieczenia rolne stanowi\u0105 kluczowy element zabezpieczenia dzia\u0142alno\u015bci rolniczej, kt\u00f3ra w spos\u00f3b szczeg\u00f3lny nara\u017cona jest na ryzyka niezale\u017cne od cz\u0142owieka \u2013 warunki atmosferyczne, choroby zwierz\u0105t, zdarzenia losowe czy wahania rynkowe. Odpowiednio dobrana ochrona ubezpieczeniowa pozwala zachowa\u0107 ci\u0105g\u0142o\u015b\u0107 produkcji i stabilno\u015b\u0107 finansow\u0105 gospodarstwa.<\/p><p>Ubezpieczenia rolne obejmuj\u0105 zar\u00f3wno maj\u0105tek, produkcj\u0119 roln\u0105, jak i odpowiedzialno\u015b\u0107 cywiln\u0105 rolnika.<\/p>\t\t\t\t\t\t\t\t<\/div>\n\t\t\t\t<\/div>\n\t\t<div class=\"elementor-element elementor-element-93315ca e-con-full e-flex e-con e-child\" data-id=\"93315ca\" data-element_type=\"container\" data-e-type=\"container\">\n\t\t\t\t<div class=\"elementor-element elementor-element-3fd79e0 elementor-widget elementor-widget-image\" data-id=\"3fd79e0\" data-element_type=\"widget\" data-e-type=\"widget\" data-widget_type=\"image.default\">\n\t\t\t\t\t\t\t\t\t\t\t\t<figure class=\"wp-caption\">\n\t\t\t\t\t\t\t\t\t\t<img decoding=\"async\" src=\"https:\/\/www.lifepilot-ubezpieczenia.pl\/blog\/wp-content\/uploads\/2025\/12\/gb4b4161a6768938c75e273d45eb1a1a52130709a3bffad4ea98f2bd870d50f3d14e1d89f135e861285d64eba4a51bedc8689cd055a003249988d60c4e5badb39_1280-9738590.jpg\" title=\"gb4b4161a6768938c75e273d45eb1a1a52130709a3bffad4ea98f2bd870d50f3d14e1d89f135e861285d64eba4a51bedc8689cd055a003249988d60c4e5badb39_1280-9738590\" alt=\"combine harvester, agriculture, harvest, grain, panasonic, lumix, wetterau, hesse, germany, claas\" loading=\"lazy\" \/>\t\t\t\t\t\t\t\t\t\t\t<figcaption class=\"widget-image-caption wp-caption-text\">Kombajn kosz\u0105cy zbo\u017ce<\/figcaption>\n\t\t\t\t\t\t\t\t\t\t<\/figure>\n\t\t\t\t\t\t\t\t\t<\/div>\n\t\t\t\t<\/div>\n\t\t\t\t\t<\/div>\n\t\t\t\t<\/div>\n\t\t<div class=\"elementor-element elementor-element-ba1d9db e-flex e-con-boxed e-con e-parent\" data-id=\"ba1d9db\" data-element_type=\"container\" data-e-type=\"container\">\n\t\t\t\t\t<div class=\"e-con-inner\">\n\t\t\t\t<div class=\"elementor-element elementor-element-5a3a953 elementor-widget elementor-widget-text-editor\" data-id=\"5a3a953\" data-element_type=\"widget\" data-e-type=\"widget\" data-widget_type=\"text-editor.default\">\n\t\t\t\t\t\t\t\t\t<h4>\ud83c\udf3e Ubezpieczenie upraw rolnych<\/h4><p>Ochrona upraw przed skutkami niekorzystnych zjawisk atmosferycznych, takich jak:<\/p><ul><li style=\"list-style-type: none;\"><ul><li style=\"list-style-type: none;\"><ul><li style=\"list-style-type: none;\"><ul data-spread=\"false\"><li><p>grad,<\/p><\/li><li><p>przymrozki wiosenne,<\/p><\/li><li><p>susza,<\/p><\/li><li><p>pow\u00f3d\u017a,<\/p><\/li><li><p>huragan,<\/p><\/li><li><p>deszcz nawalny.<\/p><\/li><\/ul><\/li><\/ul><\/li><\/ul><\/li><\/ul><p>Ubezpieczenie upraw pozwala ograniczy\u0107 straty finansowe i zabezpieczy\u0107 doch\u00f3d gospodarstwa.<br \/><br \/><\/p><h4>\ud83d\udc04 Ubezpieczenie zwierz\u0105t gospodarskich<\/h4><p>Polisy obejmuj\u0105 ochron\u0119 zwierz\u0105t hodowlanych w przypadku:<\/p><ul><li style=\"list-style-type: none;\"><ul><li style=\"list-style-type: none;\"><ul><li style=\"list-style-type: none;\"><ul data-spread=\"false\"><li><p>chor\u00f3b i padni\u0119cia,<\/p><\/li><li><p>zdarze\u0144 losowych (po\u017car, zalanie, pora\u017cenie pr\u0105dem),<\/p><\/li><li><p>wypadk\u00f3w losowych.<\/p><\/li><\/ul><\/li><\/ul><\/li><\/ul><\/li><\/ul><p>Ubezpieczenie to zabezpiecza ci\u0105g\u0142o\u015b\u0107 produkcji zwierz\u0119cej.<br \/><br \/><\/p><h4>\ud83c\udfe0 Ubezpieczenie budynk\u00f3w rolnych<\/h4><p>Ubezpieczenie obejmuje m.in.:<\/p><ul><li style=\"list-style-type: none;\"><ul><li style=\"list-style-type: none;\"><ul><li style=\"list-style-type: none;\"><ul data-spread=\"false\"><li><p>budynki mieszkalne i gospodarcze,<\/p><\/li><li><p>obory, stodo\u0142y, magazyny,<\/p><\/li><li><p>instalacje i wyposa\u017cenie.<\/p><\/li><\/ul><\/li><\/ul><\/li><\/ul><\/li><\/ul><p>Ochrona dotyczy szk\u00f3d spowodowanych po\u017carem, zalaniem, wichur\u0105, uderzeniem pioruna czy innymi zdarzeniami losowymi.<br \/><br \/><\/p><h4>\ud83d\ude9c Ubezpieczenia maszyn i sprz\u0119tu rolniczego<\/h4><p>Polisy chroni\u0105:<\/p><ul><li style=\"list-style-type: none;\"><ul><li style=\"list-style-type: none;\"><ul><li style=\"list-style-type: none;\"><ul data-spread=\"false\"><li><p>ci\u0105gniki rolnicze,<\/p><\/li><li><p>kombajny,<\/p><\/li><li><p>maszyny i urz\u0105dzenia wykorzystywane w produkcji rolnej.<\/p><\/li><\/ul><\/li><\/ul><\/li><\/ul><\/li><\/ul><p>Zakres ochrony mo\u017ce obejmowa\u0107 uszkodzenia, kradzie\u017c oraz zdarzenia losowe.<br \/><br \/><\/p><h4>\u2696\ufe0f OC rolnika<\/h4><p>Ubezpieczenie odpowiedzialno\u015bci cywilnej rolnika chroni przed roszczeniami os\u00f3b trzecich za szkody powsta\u0142e w zwi\u0105zku z prowadzeniem gospodarstwa rolnego, w tym:<\/p><ul><li style=\"list-style-type: none;\"><ul><li style=\"list-style-type: none;\"><ul><li style=\"list-style-type: none;\"><ul data-spread=\"false\"><li><p>szkody osobowe i rzeczowe,<\/p><\/li><li><p>zdarzenia na terenie gospodarstwa,<\/p><\/li><li><p>szkody wyrz\u0105dzone przez zwierz\u0119ta gospodarskie.<\/p><\/li><\/ul><\/li><\/ul><\/li><\/ul><\/li><\/ul><p>OC rolnika jest obowi\u0105zkowe zgodnie z obowi\u0105zuj\u0105cymi przepisami prawa.<br \/><br \/><\/p><h4>\ud83d\udc68\u200d\ud83d\udc69\u200d\ud83d\udc67\u200d\ud83d\udc66 Ubezpieczenia dla domownik\u00f3w i pracownik\u00f3w rolnych<\/h4><p>Ochrona mo\u017ce obejmowa\u0107:<\/p><ul><li style=\"list-style-type: none;\"><ul><li style=\"list-style-type: none;\"><ul><li style=\"list-style-type: none;\"><ul data-spread=\"false\"><li><p>ubezpieczenia NNW domownik\u00f3w,<\/p><\/li><li><p>zabezpieczenie os\u00f3b pracuj\u0105cych w gospodarstwie,<\/p><\/li><li><p>wsparcie finansowe w razie wypadk\u00f3w przy pracy rolniczej.<\/p><\/li><\/ul><\/li><\/ul><\/li><\/ul><\/li><\/ul>\t\t\t\t\t\t\t\t<\/div>\n\t\t\t\t\t<\/div>\n\t\t\t\t<\/div>\n\t\t<div class=\"elementor-element elementor-element-38ae2ce e-flex e-con-boxed e-con e-parent\" data-id=\"38ae2ce\" data-element_type=\"container\" data-e-type=\"container\">\n\t\t\t\t\t<div class=\"e-con-inner\">\n\t\t\t\t<div class=\"elementor-element elementor-element-0590300 elementor-widget elementor-widget-text-editor\" data-id=\"0590300\" data-element_type=\"widget\" data-e-type=\"widget\" data-widget_type=\"text-editor.default\">\n\t\t\t\t\t\t\t\t\t<h4>Dlaczego warto posiada\u0107 ubezpieczenia rolne?<\/h4><ul data-spread=\"false\"><li><p>ochrona stabilno\u015bci finansowej gospodarstwa,<\/p><\/li><li><p>zabezpieczenie przed skutkami zdarze\u0144 losowych,<\/p><\/li><li><p>spe\u0142nienie wymog\u00f3w ustawowych,<\/p><\/li><li><p>ochrona maj\u0105tku i produkcji rolnej,<\/p><\/li><li><p>spok\u00f3j i bezpiecze\u0144stwo prowadzenia dzia\u0142alno\u015bci rolniczej.<\/p><\/li><\/ul><h4>Skonsultuj ubezpieczenia rolne<\/h4><p>Ka\u017cde gospodarstwo rolne funkcjonuje w innym otoczeniu ryzyka. Skontaktuj si\u0119 z nami, aby dobra\u0107 ubezpieczenia rolne dopasowane do specyfiki Twojego gospodarstwa i rodzaju prowadzonej produkcji.<\/p><p><a href=\"https:\/\/www.lifepilot-ubezpieczenia.pl\/blog\/kontakt\/\">\ud83d\udc49 <strong>Um\u00f3w si\u0119 na bezp\u0142atn\u0105 konsultacj\u0119 ubezpieczeniow\u0105<\/strong><\/a><\/p>\t\t\t\t\t\t\t\t<\/div>\n\t\t\t\t\t<\/div>\n\t\t\t\t<\/div>\n\t\t\t\t<\/div>\n\t\t","protected":false},"excerpt":{"rendered":"<p>Stabilno\u015b\u0107 i ochrona gospodarstwa rolnego Ubezpieczenia rolne stanowi\u0105 kluczowy element zabezpieczenia dzia\u0142alno\u015bci rolniczej, kt\u00f3ra w spos\u00f3b szczeg\u00f3lny nara\u017cona jest na ryzyka niezale\u017cne od cz\u0142owieka \u2013 warunki atmosferyczne, choroby zwierz\u0105t, zdarzenia losowe czy wahania rynkowe. Odpowiednio dobrana ochrona ubezpieczeniowa pozwala zachowa\u0107 ci\u0105g\u0142o\u015b\u0107 produkcji i stabilno\u015b\u0107 finansow\u0105 gospodarstwa. Ubezpieczenia rolne obejmuj\u0105 zar\u00f3wno maj\u0105tek, produkcj\u0119 roln\u0105, jak i [&hellip;]<\/p>\n","protected":false},"author":1,"featured_media":427,"parent":0,"menu_order":0,"comment_status":"closed","ping_status":"closed","template":"","meta":{"_uag_custom_page_level_css":"","site-sidebar-layout":"no-sidebar","site-content-layout":"","ast-site-content-layout":"full-width-container","site-content-style":"default","site-sidebar-style":"default","ast-global-header-display":"","ast-banner-title-visibility":"","ast-main-header-display":"","ast-hfb-above-header-display":"","ast-hfb-below-header-display":"","ast-hfb-mobile-header-display":"","site-post-title":"","ast-breadcrumbs-content":"","ast-featured-img":"disabled","footer-sml-layout":"","ast-disable-related-posts":"","theme-transparent-header-meta":"","adv-header-id-meta":"","stick-header-meta":"","header-above-stick-meta":"","header-main-stick-meta":"","header-below-stick-meta":"","astra-migrate-meta-layouts":"default","ast-page-background-enabled":"default","ast-page-background-meta":{"desktop":{"background-color":"var(--ast-global-color-5)","background-image":"","background-repeat":"repeat","background-position":"center center","background-size":"auto","background-attachment":"scroll","background-type":"","background-media":"","overlay-type":"","overlay-color":"","overlay-opacity":"","overlay-gradient":""},"tablet":{"background-color":"","background-image":"","background-repeat":"repeat","background-position":"center center","background-size":"auto","background-attachment":"scroll","background-type":"","background-media":"","overlay-type":"","overlay-color":"","overlay-opacity":"","overlay-gradient":""},"mobile":{"background-color":"","background-image":"","background-repeat":"repeat","background-position":"center center","background-size":"auto","background-attachment":"scroll","background-type":"","background-media":"","overlay-type":"","overlay-color":"","overlay-opacity":"","overlay-gradient":""}},"ast-content-background-meta":{"desktop":{"background-color":"var(--ast-global-color-4)","background-image":"","background-repeat":"repeat","background-position":"center center","background-size":"auto","background-attachment":"scroll","background-type":"","background-media":"","overlay-type":"","overlay-color":"","overlay-opacity":"","overlay-gradient":""},"tablet":{"background-color":"var(--ast-global-color-4)","background-image":"","background-repeat":"repeat","background-position":"center center","background-size":"auto","background-attachment":"scroll","background-type":"","background-media":"","overlay-type":"","overlay-color":"","overlay-opacity":"","overlay-gradient":""},"mobile":{"background-color":"var(--ast-global-color-4)","background-image":"","background-repeat":"repeat","background-position":"center center","background-size":"auto","background-attachment":"scroll","background-type":"","background-media":"","overlay-type":"","overlay-color":"","overlay-opacity":"","overlay-gradient":""}},"_kadence_starter_templates_imported_post":false,"footnotes":""},"class_list":["post-425","page","type-page","status-publish","has-post-thumbnail","hentry"],"yoast_head":"<!-- This site is optimized with the Yoast SEO plugin v27.5 - https:\/\/yoast.com\/product\/yoast-seo-wordpress\/ -->\n<title>Ubezpieczenia rolne<\/title>\n<meta name=\"description\" content=\"Ubezpieczenie upraw rolnych, zwierz\u0105t gospodarskich, budynk\u00f3w rolnych, maszyn i sprz\u0119tu rolniczego, OC rolnika, domownik\u00f3w i pracownik\u00f3w.\" \/>\n<meta name=\"robots\" content=\"index, follow, max-snippet:-1, max-image-preview:large, max-video-preview:-1\" \/>\n<link rel=\"canonical\" href=\"https:\/\/www.lifepilot-ubezpieczenia.pl\/blog\/ubezpieczenia-rolne\/\" \/>\n<meta property=\"og:locale\" content=\"pl_PL\" \/>\n<meta property=\"og:type\" content=\"article\" \/>\n<meta property=\"og:title\" content=\"Ubezpieczenia rolne\" \/>\n<meta property=\"og:description\" content=\"Ubezpieczenie upraw rolnych, zwierz\u0105t gospodarskich, budynk\u00f3w rolnych, maszyn i sprz\u0119tu rolniczego, OC rolnika, domownik\u00f3w i pracownik\u00f3w.\" \/>\n<meta property=\"og:url\" content=\"https:\/\/www.lifepilot-ubezpieczenia.pl\/blog\/ubezpieczenia-rolne\/\" \/>\n<meta property=\"og:site_name\" content=\"LifePilot-Ubezpieczenia\" \/>\n<meta property=\"article:modified_time\" content=\"2026-02-14T14:03:41+00:00\" \/>\n<meta property=\"og:image\" content=\"https:\/\/www.lifepilot-ubezpieczenia.pl\/blog\/wp-content\/uploads\/2025\/12\/gb4b4161a6768938c75e273d45eb1a1a52130709a3bffad4ea98f2bd870d50f3d14e1d89f135e861285d64eba4a51bedc8689cd055a003249988d60c4e5badb39_1280-9738590.jpg\" \/>\n\t<meta property=\"og:image:width\" content=\"1280\" \/>\n\t<meta property=\"og:image:height\" content=\"853\" \/>\n\t<meta property=\"og:image:type\" content=\"image\/jpeg\" \/>\n<meta name=\"twitter:card\" content=\"summary_large_image\" \/>\n<script type=\"application\/ld+json\" class=\"yoast-schema-graph\">{\"@context\":\"https:\\\/\\\/schema.org\",\"@graph\":[{\"@type\":\"WebPage\",\"@id\":\"https:\\\/\\\/www.lifepilot-ubezpieczenia.pl\\\/blog\\\/ubezpieczenia-rolne\\\/\",\"url\":\"https:\\\/\\\/www.lifepilot-ubezpieczenia.pl\\\/blog\\\/ubezpieczenia-rolne\\\/\",\"name\":\"Ubezpieczenia rolne\",\"isPartOf\":{\"@id\":\"https:\\\/\\\/www.lifepilot-ubezpieczenia.pl\\\/blog\\\/#website\"},\"primaryImageOfPage\":{\"@id\":\"https:\\\/\\\/www.lifepilot-ubezpieczenia.pl\\\/blog\\\/ubezpieczenia-rolne\\\/#primaryimage\"},\"image\":{\"@id\":\"https:\\\/\\\/www.lifepilot-ubezpieczenia.pl\\\/blog\\\/ubezpieczenia-rolne\\\/#primaryimage\"},\"thumbnailUrl\":\"https:\\\/\\\/www.lifepilot-ubezpieczenia.pl\\\/blog\\\/wp-content\\\/uploads\\\/2025\\\/12\\\/gb4b4161a6768938c75e273d45eb1a1a52130709a3bffad4ea98f2bd870d50f3d14e1d89f135e861285d64eba4a51bedc8689cd055a003249988d60c4e5badb39_1280-9738590.jpg\",\"datePublished\":\"2025-12-21T22:58:44+00:00\",\"dateModified\":\"2026-02-14T14:03:41+00:00\",\"description\":\"Ubezpieczenie upraw rolnych, zwierz\u0105t gospodarskich, budynk\u00f3w rolnych, maszyn i sprz\u0119tu rolniczego, OC rolnika, domownik\u00f3w i pracownik\u00f3w.\",\"breadcrumb\":{\"@id\":\"https:\\\/\\\/www.lifepilot-ubezpieczenia.pl\\\/blog\\\/ubezpieczenia-rolne\\\/#breadcrumb\"},\"inLanguage\":\"pl-PL\",\"potentialAction\":[{\"@type\":\"ReadAction\",\"target\":[\"https:\\\/\\\/www.lifepilot-ubezpieczenia.pl\\\/blog\\\/ubezpieczenia-rolne\\\/\"]}]},{\"@type\":\"ImageObject\",\"inLanguage\":\"pl-PL\",\"@id\":\"https:\\\/\\\/www.lifepilot-ubezpieczenia.pl\\\/blog\\\/ubezpieczenia-rolne\\\/#primaryimage\",\"url\":\"https:\\\/\\\/www.lifepilot-ubezpieczenia.pl\\\/blog\\\/wp-content\\\/uploads\\\/2025\\\/12\\\/gb4b4161a6768938c75e273d45eb1a1a52130709a3bffad4ea98f2bd870d50f3d14e1d89f135e861285d64eba4a51bedc8689cd055a003249988d60c4e5badb39_1280-9738590.jpg\",\"contentUrl\":\"https:\\\/\\\/www.lifepilot-ubezpieczenia.pl\\\/blog\\\/wp-content\\\/uploads\\\/2025\\\/12\\\/gb4b4161a6768938c75e273d45eb1a1a52130709a3bffad4ea98f2bd870d50f3d14e1d89f135e861285d64eba4a51bedc8689cd055a003249988d60c4e5badb39_1280-9738590.jpg\",\"width\":1280,\"height\":853,\"caption\":\"combine harvester, agriculture, harvest, grain, panasonic, lumix, wetterau, hesse, germany, claas\"},{\"@type\":\"BreadcrumbList\",\"@id\":\"https:\\\/\\\/www.lifepilot-ubezpieczenia.pl\\\/blog\\\/ubezpieczenia-rolne\\\/#breadcrumb\",\"itemListElement\":[{\"@type\":\"ListItem\",\"position\":1,\"name\":\"Strona g\u0142\u00f3wna\",\"item\":\"https:\\\/\\\/www.lifepilot-ubezpieczenia.pl\\\/blog\\\/\"},{\"@type\":\"ListItem\",\"position\":2,\"name\":\"Ubezpieczenia rolne\"}]},{\"@type\":\"WebSite\",\"@id\":\"https:\\\/\\\/www.lifepilot-ubezpieczenia.pl\\\/blog\\\/#website\",\"url\":\"https:\\\/\\\/www.lifepilot-ubezpieczenia.pl\\\/blog\\\/\",\"name\":\"LifePilot-Ubezpieczenia\",\"description\":\"LifePilot\",\"publisher\":{\"@id\":\"https:\\\/\\\/www.lifepilot-ubezpieczenia.pl\\\/blog\\\/#organization\"},\"alternateName\":\"Ubezpieczenia all\",\"potentialAction\":[{\"@type\":\"SearchAction\",\"target\":{\"@type\":\"EntryPoint\",\"urlTemplate\":\"https:\\\/\\\/www.lifepilot-ubezpieczenia.pl\\\/blog\\\/?s={search_term_string}\"},\"query-input\":{\"@type\":\"PropertyValueSpecification\",\"valueRequired\":true,\"valueName\":\"search_term_string\"}}],\"inLanguage\":\"pl-PL\"},{\"@type\":\"Organization\",\"@id\":\"https:\\\/\\\/www.lifepilot-ubezpieczenia.pl\\\/blog\\\/#organization\",\"name\":\"LifePilot-Ubezpieczenia\",\"alternateName\":\"LifePilot\",\"url\":\"https:\\\/\\\/www.lifepilot-ubezpieczenia.pl\\\/blog\\\/\",\"logo\":{\"@type\":\"ImageObject\",\"inLanguage\":\"pl-PL\",\"@id\":\"https:\\\/\\\/www.lifepilot-ubezpieczenia.pl\\\/blog\\\/#\\\/schema\\\/logo\\\/image\\\/\",\"url\":\"https:\\\/\\\/www.lifepilot-ubezpieczenia.pl\\\/blog\\\/wp-content\\\/uploads\\\/2025\\\/12\\\/cropped-LifePilot1.png\",\"contentUrl\":\"https:\\\/\\\/www.lifepilot-ubezpieczenia.pl\\\/blog\\\/wp-content\\\/uploads\\\/2025\\\/12\\\/cropped-LifePilot1.png\",\"width\":408,\"height\":455,\"caption\":\"LifePilot-Ubezpieczenia\"},\"image\":{\"@id\":\"https:\\\/\\\/www.lifepilot-ubezpieczenia.pl\\\/blog\\\/#\\\/schema\\\/logo\\\/image\\\/\"}}]}<\/script>\n<!-- \/ Yoast SEO plugin. -->","yoast_head_json":{"title":"Ubezpieczenia rolne","description":"Ubezpieczenie upraw rolnych, zwierz\u0105t gospodarskich, budynk\u00f3w rolnych, maszyn i sprz\u0119tu rolniczego, OC rolnika, domownik\u00f3w i pracownik\u00f3w.","robots":{"index":"index","follow":"follow","max-snippet":"max-snippet:-1","max-image-preview":"max-image-preview:large","max-video-preview":"max-video-preview:-1"},"canonical":"https:\/\/www.lifepilot-ubezpieczenia.pl\/blog\/ubezpieczenia-rolne\/","og_locale":"pl_PL","og_type":"article","og_title":"Ubezpieczenia rolne","og_description":"Ubezpieczenie upraw rolnych, zwierz\u0105t gospodarskich, budynk\u00f3w rolnych, maszyn i sprz\u0119tu rolniczego, OC rolnika, domownik\u00f3w i pracownik\u00f3w.","og_url":"https:\/\/www.lifepilot-ubezpieczenia.pl\/blog\/ubezpieczenia-rolne\/","og_site_name":"LifePilot-Ubezpieczenia","article_modified_time":"2026-02-14T14:03:41+00:00","og_image":[{"width":1280,"height":853,"url":"https:\/\/www.lifepilot-ubezpieczenia.pl\/blog\/wp-content\/uploads\/2025\/12\/gb4b4161a6768938c75e273d45eb1a1a52130709a3bffad4ea98f2bd870d50f3d14e1d89f135e861285d64eba4a51bedc8689cd055a003249988d60c4e5badb39_1280-9738590.jpg","type":"image\/jpeg"}],"twitter_card":"summary_large_image","schema":{"@context":"https:\/\/schema.org","@graph":[{"@type":"WebPage","@id":"https:\/\/www.lifepilot-ubezpieczenia.pl\/blog\/ubezpieczenia-rolne\/","url":"https:\/\/www.lifepilot-ubezpieczenia.pl\/blog\/ubezpieczenia-rolne\/","name":"Ubezpieczenia rolne","isPartOf":{"@id":"https:\/\/www.lifepilot-ubezpieczenia.pl\/blog\/#website"},"primaryImageOfPage":{"@id":"https:\/\/www.lifepilot-ubezpieczenia.pl\/blog\/ubezpieczenia-rolne\/#primaryimage"},"image":{"@id":"https:\/\/www.lifepilot-ubezpieczenia.pl\/blog\/ubezpieczenia-rolne\/#primaryimage"},"thumbnailUrl":"https:\/\/www.lifepilot-ubezpieczenia.pl\/blog\/wp-content\/uploads\/2025\/12\/gb4b4161a6768938c75e273d45eb1a1a52130709a3bffad4ea98f2bd870d50f3d14e1d89f135e861285d64eba4a51bedc8689cd055a003249988d60c4e5badb39_1280-9738590.jpg","datePublished":"2025-12-21T22:58:44+00:00","dateModified":"2026-02-14T14:03:41+00:00","description":"Ubezpieczenie upraw rolnych, zwierz\u0105t gospodarskich, budynk\u00f3w rolnych, maszyn i sprz\u0119tu rolniczego, OC rolnika, domownik\u00f3w i pracownik\u00f3w.","breadcrumb":{"@id":"https:\/\/www.lifepilot-ubezpieczenia.pl\/blog\/ubezpieczenia-rolne\/#breadcrumb"},"inLanguage":"pl-PL","potentialAction":[{"@type":"ReadAction","target":["https:\/\/www.lifepilot-ubezpieczenia.pl\/blog\/ubezpieczenia-rolne\/"]}]},{"@type":"ImageObject","inLanguage":"pl-PL","@id":"https:\/\/www.lifepilot-ubezpieczenia.pl\/blog\/ubezpieczenia-rolne\/#primaryimage","url":"https:\/\/www.lifepilot-ubezpieczenia.pl\/blog\/wp-content\/uploads\/2025\/12\/gb4b4161a6768938c75e273d45eb1a1a52130709a3bffad4ea98f2bd870d50f3d14e1d89f135e861285d64eba4a51bedc8689cd055a003249988d60c4e5badb39_1280-9738590.jpg","contentUrl":"https:\/\/www.lifepilot-ubezpieczenia.pl\/blog\/wp-content\/uploads\/2025\/12\/gb4b4161a6768938c75e273d45eb1a1a52130709a3bffad4ea98f2bd870d50f3d14e1d89f135e861285d64eba4a51bedc8689cd055a003249988d60c4e5badb39_1280-9738590.jpg","width":1280,"height":853,"caption":"combine harvester, agriculture, harvest, grain, panasonic, lumix, wetterau, hesse, germany, claas"},{"@type":"BreadcrumbList","@id":"https:\/\/www.lifepilot-ubezpieczenia.pl\/blog\/ubezpieczenia-rolne\/#breadcrumb","itemListElement":[{"@type":"ListItem","position":1,"name":"Strona g\u0142\u00f3wna","item":"https:\/\/www.lifepilot-ubezpieczenia.pl\/blog\/"},{"@type":"ListItem","position":2,"name":"Ubezpieczenia rolne"}]},{"@type":"WebSite","@id":"https:\/\/www.lifepilot-ubezpieczenia.pl\/blog\/#website","url":"https:\/\/www.lifepilot-ubezpieczenia.pl\/blog\/","name":"LifePilot-Ubezpieczenia","description":"LifePilot","publisher":{"@id":"https:\/\/www.lifepilot-ubezpieczenia.pl\/blog\/#organization"},"alternateName":"Ubezpieczenia all","potentialAction":[{"@type":"SearchAction","target":{"@type":"EntryPoint","urlTemplate":"https:\/\/www.lifepilot-ubezpieczenia.pl\/blog\/?s={search_term_string}"},"query-input":{"@type":"PropertyValueSpecification","valueRequired":true,"valueName":"search_term_string"}}],"inLanguage":"pl-PL"},{"@type":"Organization","@id":"https:\/\/www.lifepilot-ubezpieczenia.pl\/blog\/#organization","name":"LifePilot-Ubezpieczenia","alternateName":"LifePilot","url":"https:\/\/www.lifepilot-ubezpieczenia.pl\/blog\/","logo":{"@type":"ImageObject","inLanguage":"pl-PL","@id":"https:\/\/www.lifepilot-ubezpieczenia.pl\/blog\/#\/schema\/logo\/image\/","url":"https:\/\/www.lifepilot-ubezpieczenia.pl\/blog\/wp-content\/uploads\/2025\/12\/cropped-LifePilot1.png","contentUrl":"https:\/\/www.lifepilot-ubezpieczenia.pl\/blog\/wp-content\/uploads\/2025\/12\/cropped-LifePilot1.png","width":408,"height":455,"caption":"LifePilot-Ubezpieczenia"},"image":{"@id":"https:\/\/www.lifepilot-ubezpieczenia.pl\/blog\/#\/schema\/logo\/image\/"}}]}},"uagb_featured_image_src":{"full":["https:\/\/www.lifepilot-ubezpieczenia.pl\/blog\/wp-content\/uploads\/2025\/12\/gb4b4161a6768938c75e273d45eb1a1a52130709a3bffad4ea98f2bd870d50f3d14e1d89f135e861285d64eba4a51bedc8689cd055a003249988d60c4e5badb39_1280-9738590.jpg",1280,853,false],"thumbnail":["https:\/\/www.lifepilot-ubezpieczenia.pl\/blog\/wp-content\/uploads\/2025\/12\/gb4b4161a6768938c75e273d45eb1a1a52130709a3bffad4ea98f2bd870d50f3d14e1d89f135e861285d64eba4a51bedc8689cd055a003249988d60c4e5badb39_1280-9738590-150x150.jpg",150,150,true],"medium":["https:\/\/www.lifepilot-ubezpieczenia.pl\/blog\/wp-content\/uploads\/2025\/12\/gb4b4161a6768938c75e273d45eb1a1a52130709a3bffad4ea98f2bd870d50f3d14e1d89f135e861285d64eba4a51bedc8689cd055a003249988d60c4e5badb39_1280-9738590-300x200.jpg",300,200,true],"medium_large":["https:\/\/www.lifepilot-ubezpieczenia.pl\/blog\/wp-content\/uploads\/2025\/12\/gb4b4161a6768938c75e273d45eb1a1a52130709a3bffad4ea98f2bd870d50f3d14e1d89f135e861285d64eba4a51bedc8689cd055a003249988d60c4e5badb39_1280-9738590-768x512.jpg",768,512,true],"large":["https:\/\/www.lifepilot-ubezpieczenia.pl\/blog\/wp-content\/uploads\/2025\/12\/gb4b4161a6768938c75e273d45eb1a1a52130709a3bffad4ea98f2bd870d50f3d14e1d89f135e861285d64eba4a51bedc8689cd055a003249988d60c4e5badb39_1280-9738590-1024x682.jpg",1024,682,true],"1536x1536":["https:\/\/www.lifepilot-ubezpieczenia.pl\/blog\/wp-content\/uploads\/2025\/12\/gb4b4161a6768938c75e273d45eb1a1a52130709a3bffad4ea98f2bd870d50f3d14e1d89f135e861285d64eba4a51bedc8689cd055a003249988d60c4e5badb39_1280-9738590.jpg",1280,853,false],"2048x2048":["https:\/\/www.lifepilot-ubezpieczenia.pl\/blog\/wp-content\/uploads\/2025\/12\/gb4b4161a6768938c75e273d45eb1a1a52130709a3bffad4ea98f2bd870d50f3d14e1d89f135e861285d64eba4a51bedc8689cd055a003249988d60c4e5badb39_1280-9738590.jpg",1280,853,false]},"uagb_author_info":{"display_name":"admin","author_link":"https:\/\/www.lifepilot-ubezpieczenia.pl\/blog\/author\/admin\/"},"uagb_comment_info":0,"uagb_excerpt":"Stabilno\u015b\u0107 i ochrona gospodarstwa rolnego Ubezpieczenia rolne stanowi\u0105 kluczowy element zabezpieczenia dzia\u0142alno\u015bci rolniczej, kt\u00f3ra w spos\u00f3b szczeg\u00f3lny nara\u017cona jest na ryzyka niezale\u017cne od cz\u0142owieka \u2013 warunki atmosferyczne, choroby zwierz\u0105t, zdarzenia losowe czy wahania rynkowe. Odpowiednio dobrana ochrona ubezpieczeniowa pozwala zachowa\u0107 ci\u0105g\u0142o\u015b\u0107 produkcji i stabilno\u015b\u0107 finansow\u0105 gospodarstwa. Ubezpieczenia rolne obejmuj\u0105 zar\u00f3wno maj\u0105tek, produkcj\u0119 roln\u0105, jak i&hellip;","_links":{"self":[{"href":"https:\/\/www.lifepilot-ubezpieczenia.pl\/blog\/wp-json\/wp\/v2\/pages\/425","targetHints":{"allow":["GET"]}}],"collection":[{"href":"https:\/\/www.lifepilot-ubezpieczenia.pl\/blog\/wp-json\/wp\/v2\/pages"}],"about":[{"href":"https:\/\/www.lifepilot-ubezpieczenia.pl\/blog\/wp-json\/wp\/v2\/types\/page"}],"author":[{"embeddable":true,"href":"https:\/\/www.lifepilot-ubezpieczenia.pl\/blog\/wp-json\/wp\/v2\/users\/1"}],"replies":[{"embeddable":true,"href":"https:\/\/www.lifepilot-ubezpieczenia.pl\/blog\/wp-json\/wp\/v2\/comments?post=425"}],"version-history":[{"count":10,"href":"https:\/\/www.lifepilot-ubezpieczenia.pl\/blog\/wp-json\/wp\/v2\/pages\/425\/revisions"}],"predecessor-version":[{"id":937,"href":"https:\/\/www.lifepilot-ubezpieczenia.pl\/blog\/wp-json\/wp\/v2\/pages\/425\/revisions\/937"}],"wp:featuredmedia":[{"embeddable":true,"href":"https:\/\/www.lifepilot-ubezpieczenia.pl\/blog\/wp-json\/wp\/v2\/media\/427"}],"wp:attachment":[{"href":"https:\/\/www.lifepilot-ubezpieczenia.pl\/blog\/wp-json\/wp\/v2\/media?parent=425"}],"curies":[{"name":"wp","href":"https:\/\/api.w.org\/{rel}","templated":true}]}}