{"id":417,"date":"2025-12-21T22:50:33","date_gmt":"2025-12-21T22:50:33","guid":{"rendered":"http:\/\/www.lifepilot-ubezpieczenia.pl\/blog\/?page_id=417"},"modified":"2026-02-14T14:22:22","modified_gmt":"2026-02-14T14:22:22","slug":"ubezpieczenia-firmowe","status":"publish","type":"page","link":"https:\/\/www.lifepilot-ubezpieczenia.pl\/blog\/ubezpieczenia-firmowe\/","title":{"rendered":"Ubezpieczenia firmowe"},"content":{"rendered":"\t\t<div data-elementor-type=\"wp-page\" data-elementor-id=\"417\" class=\"elementor elementor-417\">\n\t\t\t\t<div class=\"elementor-element elementor-element-4901ea7 e-flex e-con-boxed e-con e-parent\" data-id=\"4901ea7\" data-element_type=\"container\" data-e-type=\"container\">\n\t\t\t\t\t<div class=\"e-con-inner\">\n\t\t\t\t<div class=\"elementor-element elementor-element-4376f12 elementor-widget elementor-widget-heading\" data-id=\"4376f12\" data-element_type=\"widget\" data-e-type=\"widget\" data-widget_type=\"heading.default\">\n\t\t\t\t\t<h4 class=\"elementor-heading-title elementor-size-default\">Bezpiecze\u0144stwo biznesu na ka\u017cdym etapie<\/h4>\t\t\t\t<\/div>\n\t\t\t\t\t<\/div>\n\t\t\t\t<\/div>\n\t\t<div class=\"elementor-element elementor-element-6af4a8c e-flex e-con-boxed e-con e-parent\" data-id=\"6af4a8c\" data-element_type=\"container\" data-e-type=\"container\">\n\t\t\t\t\t<div class=\"e-con-inner\">\n\t\t<div class=\"elementor-element elementor-element-e277344 e-con-full e-flex e-con e-child\" data-id=\"e277344\" data-element_type=\"container\" data-e-type=\"container\">\n\t\t\t\t<div class=\"elementor-element elementor-element-171af2f elementor-widget elementor-widget-text-editor\" data-id=\"171af2f\" data-element_type=\"widget\" data-e-type=\"widget\" data-widget_type=\"text-editor.default\">\n\t\t\t\t\t\t\t\t\t<p>Ubezpieczenia firmowe to kluczowy element stabilnego i odpowiedzialnego prowadzenia dzia\u0142alno\u015bci gospodarczej. Ich zadaniem jest ochrona przedsi\u0119biorstwa przed skutkami zdarze\u0144 losowych, roszczeniami os\u00f3b trzecich, przerwami w dzia\u0142alno\u015bci oraz ryzykami operacyjnymi, kt\u00f3re mog\u0105 realnie zagrozi\u0107 p\u0142ynno\u015bci finansowej firmy.<\/p><p>Dobrze zaprojektowany program ubezpieczeniowy pozwala przedsi\u0119biorcy skupi\u0107 si\u0119 na rozwoju biznesu, zamiast na nieprzewidzianych konsekwencjach zdarze\u0144 losowych czy b\u0142\u0119d\u00f3w operacyjnych.<\/p>\t\t\t\t\t\t\t\t<\/div>\n\t\t\t\t<\/div>\n\t\t<div class=\"elementor-element elementor-element-d3299e6 e-con-full e-flex e-con e-child\" data-id=\"d3299e6\" data-element_type=\"container\" data-e-type=\"container\">\n\t\t\t\t<div class=\"elementor-element elementor-element-6ac6ec5 elementor-widget elementor-widget-image\" data-id=\"6ac6ec5\" data-element_type=\"widget\" data-e-type=\"widget\" data-widget_type=\"image.default\">\n\t\t\t\t\t\t\t\t\t\t\t\t<figure class=\"wp-caption\">\n\t\t\t\t\t\t\t\t\t\t<img decoding=\"async\" src=\"https:\/\/www.lifepilot-ubezpieczenia.pl\/blog\/wp-content\/uploads\/elementor\/thumbs\/pexels-photo-327533-327533-scaled-rgi5keeu8hahw7rq2bmeti8lm07hh3uf4piwvwcobw.jpg\" title=\"pexels-photo-327533-327533\" alt=\"A close-up of a man&#039;s thumbs up gesture, symbolizing success and agreement.\" loading=\"lazy\" \/>\t\t\t\t\t\t\t\t\t\t\t<figcaption class=\"widget-image-caption wp-caption-text\">Kciuk w g\u00f3r\u0119 - OK<\/figcaption>\n\t\t\t\t\t\t\t\t\t\t<\/figure>\n\t\t\t\t\t\t\t\t\t<\/div>\n\t\t\t\t<\/div>\n\t\t\t\t\t<\/div>\n\t\t\t\t<\/div>\n\t\t<div class=\"elementor-element elementor-element-afdc7f5 e-flex e-con-boxed e-con e-parent\" data-id=\"afdc7f5\" data-element_type=\"container\" data-e-type=\"container\">\n\t\t\t\t\t<div class=\"e-con-inner\">\n\t\t\t\t<div class=\"elementor-element elementor-element-65fb181 elementor-widget elementor-widget-text-editor\" data-id=\"65fb181\" data-element_type=\"widget\" data-e-type=\"widget\" data-widget_type=\"text-editor.default\">\n\t\t\t\t\t\t\t\t\t<h4>\ud83c\udfe2 Ubezpieczenie maj\u0105tku firmy<\/h4><p>Ochrona obejmuje m.in.:<\/p><ul><li style=\"list-style-type: none;\"><ul><li style=\"list-style-type: none;\"><ul><li style=\"list-style-type: none;\"><ul data-spread=\"false\"><li><p>budynki i lokale u\u017cytkowe,<\/p><\/li><li><p>maszyny, urz\u0105dzenia i wyposa\u017cenie,<\/p><\/li><li><p>\u015brodki obrotowe i mienie w magazynach,<\/p><\/li><li><p>szkody spowodowane po\u017carem, zalaniem, kradzie\u017c\u0105, wandalizmem czy zdarzeniami losowymi.<\/p><\/li><\/ul><\/li><\/ul><\/li><\/ul><\/li><\/ul><p>Zakres ochrony dopasowywany jest do rodzaju dzia\u0142alno\u015bci i specyfiki maj\u0105tku.<br \/><br \/><\/p><h4>\u2696\ufe0f OC dzia\u0142alno\u015bci gospodarczej<\/h4><p>Ubezpieczenie odpowiedzialno\u015bci cywilnej firmy chroni przed roszczeniami os\u00f3b trzecich powsta\u0142ymi w zwi\u0105zku z prowadzon\u0105 dzia\u0142alno\u015bci\u0105, w tym:<\/p><ul data-spread=\"false\"><li><p>szkody osobowe i rzeczowe,<\/p><\/li><li><p>szkody wyrz\u0105dzone klientom lub kontrahentom,<\/p><\/li><li><p>odpowiedzialno\u015b\u0107 za produkt lub us\u0142ug\u0119.<\/p><\/li><\/ul><p>Polisa zabezpiecza maj\u0105tek firmy przed wysokimi roszczeniami finansowymi.<br \/><br \/><\/p><h4>\ud83d\udcbc OC zawodowe<\/h4><p>OC zawodowe dedykowane jest przedsi\u0119biorcom i specjalistom wykonuj\u0105cym zawody, w kt\u00f3rych b\u0142\u0119dy mog\u0105 skutkowa\u0107 stratami finansowymi po stronie klient\u00f3w. Obejmuje m.in.:<\/p><ul><li style=\"list-style-type: none;\"><ul><li style=\"list-style-type: none;\"><ul><li style=\"list-style-type: none;\"><ul data-spread=\"false\"><li><p>b\u0142\u0119dy i zaniechania zawodowe,<\/p><\/li><li><p>czyste straty finansowe,<\/p><\/li><li><p>koszty obrony prawnej.<\/p><\/li><\/ul><\/li><\/ul><\/li><\/ul><\/li><\/ul><p>W wielu zawodach OC zawodowe jest obowi\u0105zkowe na mocy przepis\u00f3w prawa.<br \/><br \/><\/p><h4>\u23f8\ufe0f Ubezpieczenie utraty zysku (BI)<\/h4><p>Ubezpieczenie Business Interruption (BI) chroni firm\u0119 przed skutkami finansowymi przestoju w dzia\u0142alno\u015bci spowodowanego szkod\u0105 maj\u0105tkow\u0105. Mo\u017ce obejmowa\u0107:<\/p><ul><li style=\"list-style-type: none;\"><ul><li style=\"list-style-type: none;\"><ul><li style=\"list-style-type: none;\"><ul data-spread=\"false\"><li><p>utracony zysk,<\/p><\/li><li><p>sta\u0142e koszty dzia\u0142alno\u015bci,<\/p><\/li><li><p>koszty przywr\u00f3cenia dzia\u0142alno\u015bci do normalnego funkcjonowania.<\/p><\/li><\/ul><\/li><\/ul><\/li><\/ul><\/li><\/ul><h4><br \/>\ud83d\udc68\u200d\ud83d\udc69\u200d\ud83d\udc67\u200d\ud83d\udc66 Ubezpieczenia pracownicze<\/h4><p>Ubezpieczenia dla pracownik\u00f3w obejmuj\u0105 m.in.:<\/p><ul><li style=\"list-style-type: none;\"><ul><li style=\"list-style-type: none;\"><ul><li style=\"list-style-type: none;\"><ul data-spread=\"false\"><li><p>grupowe ubezpieczenia na \u017cycie,<\/p><\/li><li><p>ubezpieczenia zdrowotne,<\/p><\/li><li><p>NNW pracownicze.<\/p><\/li><\/ul><\/li><\/ul><\/li><\/ul><\/li><\/ul><p>To rozwi\u0105zania wspieraj\u0105ce stabilno\u015b\u0107 zespo\u0142u i buduj\u0105ce atrakcyjno\u015b\u0107 pracodawcy.<\/p><h4><br \/>\ud83d\udcbb Cyberubezpieczenia<\/h4><p>Nowoczesne firmy coraz cz\u0119\u015bciej nara\u017cone s\u0105 na ryzyka cyfrowe. Cyberubezpieczenia mog\u0105 obejmowa\u0107:<\/p><ul><li style=\"list-style-type: none;\"><ul><li style=\"list-style-type: none;\"><ul><li style=\"list-style-type: none;\"><ul data-spread=\"false\"><li><p>ataki hakerskie i naruszenia danych,<\/p><\/li><li><p>przerwy w dzia\u0142alno\u015bci IT,<\/p><\/li><li><p>odpowiedzialno\u015b\u0107 za wyciek danych osobowych,<\/p><\/li><li><p>koszty przywracania system\u00f3w i obs\u0142ugi incydent\u00f3w.<\/p><\/li><\/ul><\/li><\/ul><\/li><\/ul><\/li><\/ul>\t\t\t\t\t\t\t\t<\/div>\n\t\t\t\t\t<\/div>\n\t\t\t\t<\/div>\n\t\t<div class=\"elementor-element elementor-element-c9f3f76 e-flex e-con-boxed e-con e-parent\" data-id=\"c9f3f76\" data-element_type=\"container\" data-e-type=\"container\">\n\t\t\t\t\t<div class=\"e-con-inner\">\n\t\t\t\t<div class=\"elementor-element elementor-element-c034d5c elementor-widget elementor-widget-text-editor\" data-id=\"c034d5c\" data-element_type=\"widget\" data-e-type=\"widget\" data-widget_type=\"text-editor.default\">\n\t\t\t\t\t\t\t\t\t<h3>Dlaczego warto zadba\u0107 o ubezpieczenia firmowe?<\/h3><ul data-spread=\"false\"><li><p>ochrona maj\u0105tku i p\u0142ynno\u015bci finansowej firmy,<\/p><\/li><li><p>zabezpieczenie przed roszczeniami klient\u00f3w i kontrahent\u00f3w,<\/p><\/li><li><p>wsparcie w sytuacjach kryzysowych,<\/p><\/li><li><p>spe\u0142nienie wymog\u00f3w kontraktowych i prawnych,<\/p><\/li><li><p>stabilno\u015b\u0107 i bezpiecze\u0144stwo prowadzenia dzia\u0142alno\u015bci.<\/p><\/li><\/ul><h3>Skonsultuj ubezpieczenia dla swojej firmy<\/h3><p>Ka\u017cda firma dzia\u0142a w innym otoczeniu ryzyka. Skontaktuj si\u0119 z nami, aby dobra\u0107 ubezpieczenia firmowe dopasowane do specyfiki Twojej dzia\u0142alno\u015bci i realnych potrzeb biznesowych.<\/p><p><a href=\"https:\/\/www.lifepilot-ubezpieczenia.pl\/blog\/kontakt\/\">\ud83d\udc49 <strong>Um\u00f3w si\u0119 na bezp\u0142atn\u0105 konsultacj\u0119 ubezpieczeniow\u0105<\/strong><\/a><\/p>\t\t\t\t\t\t\t\t<\/div>\n\t\t\t\t\t<\/div>\n\t\t\t\t<\/div>\n\t\t\t\t<\/div>\n\t\t","protected":false},"excerpt":{"rendered":"<p>Bezpiecze\u0144stwo biznesu na ka\u017cdym etapie Ubezpieczenia firmowe to kluczowy element stabilnego i odpowiedzialnego prowadzenia dzia\u0142alno\u015bci gospodarczej. Ich zadaniem jest ochrona przedsi\u0119biorstwa przed skutkami zdarze\u0144 losowych, roszczeniami os\u00f3b trzecich, przerwami w dzia\u0142alno\u015bci oraz ryzykami operacyjnymi, kt\u00f3re mog\u0105 realnie zagrozi\u0107 p\u0142ynno\u015bci finansowej firmy. Dobrze zaprojektowany program ubezpieczeniowy pozwala przedsi\u0119biorcy skupi\u0107 si\u0119 na rozwoju biznesu, zamiast na nieprzewidzianych [&hellip;]<\/p>\n","protected":false},"author":1,"featured_media":0,"parent":0,"menu_order":0,"comment_status":"closed","ping_status":"closed","template":"","meta":{"_uag_custom_page_level_css":"","site-sidebar-layout":"no-sidebar","site-content-layout":"","ast-site-content-layout":"full-width-container","site-content-style":"default","site-sidebar-style":"default","ast-global-header-display":"","ast-banner-title-visibility":"","ast-main-header-display":"","ast-hfb-above-header-display":"","ast-hfb-below-header-display":"","ast-hfb-mobile-header-display":"","site-post-title":"","ast-breadcrumbs-content":"","ast-featured-img":"disabled","footer-sml-layout":"","ast-disable-related-posts":"","theme-transparent-header-meta":"","adv-header-id-meta":"","stick-header-meta":"","header-above-stick-meta":"","header-main-stick-meta":"","header-below-stick-meta":"","astra-migrate-meta-layouts":"default","ast-page-background-enabled":"default","ast-page-background-meta":{"desktop":{"background-color":"var(--ast-global-color-5)","background-image":"","background-repeat":"repeat","background-position":"center center","background-size":"auto","background-attachment":"scroll","background-type":"","background-media":"","overlay-type":"","overlay-color":"","overlay-opacity":"","overlay-gradient":""},"tablet":{"background-color":"","background-image":"","background-repeat":"repeat","background-position":"center center","background-size":"auto","background-attachment":"scroll","background-type":"","background-media":"","overlay-type":"","overlay-color":"","overlay-opacity":"","overlay-gradient":""},"mobile":{"background-color":"","background-image":"","background-repeat":"repeat","background-position":"center center","background-size":"auto","background-attachment":"scroll","background-type":"","background-media":"","overlay-type":"","overlay-color":"","overlay-opacity":"","overlay-gradient":""}},"ast-content-background-meta":{"desktop":{"background-color":"var(--ast-global-color-4)","background-image":"","background-repeat":"repeat","background-position":"center center","background-size":"auto","background-attachment":"scroll","background-type":"","background-media":"","overlay-type":"","overlay-color":"","overlay-opacity":"","overlay-gradient":""},"tablet":{"background-color":"var(--ast-global-color-4)","background-image":"","background-repeat":"repeat","background-position":"center center","background-size":"auto","background-attachment":"scroll","background-type":"","background-media":"","overlay-type":"","overlay-color":"","overlay-opacity":"","overlay-gradient":""},"mobile":{"background-color":"var(--ast-global-color-4)","background-image":"","background-repeat":"repeat","background-position":"center center","background-size":"auto","background-attachment":"scroll","background-type":"","background-media":"","overlay-type":"","overlay-color":"","overlay-opacity":"","overlay-gradient":""}},"_kadence_starter_templates_imported_post":false,"footnotes":""},"class_list":["post-417","page","type-page","status-publish","hentry"],"yoast_head":"<!-- This site is optimized with the Yoast SEO plugin v27.5 - https:\/\/yoast.com\/product\/yoast-seo-wordpress\/ -->\n<title>firmowe<\/title>\n<meta name=\"description\" content=\"Ubezpieczenia firmowe, bezpiecze\u0144stwo biznesu na ka\u017cdym etapie, OC zawodowe i dzia\u0142alno\u015bci gospodarczej, od utraty zysku, cyberubezpieczenia.\" \/>\n<meta name=\"robots\" content=\"index, follow, max-snippet:-1, max-image-preview:large, max-video-preview:-1\" \/>\n<link rel=\"canonical\" href=\"https:\/\/www.lifepilot-ubezpieczenia.pl\/blog\/ubezpieczenia-firmowe\/\" \/>\n<meta property=\"og:locale\" content=\"pl_PL\" \/>\n<meta property=\"og:type\" content=\"article\" \/>\n<meta property=\"og:title\" content=\"firmowe\" \/>\n<meta property=\"og:description\" content=\"Ubezpieczenia firmowe, bezpiecze\u0144stwo biznesu na ka\u017cdym etapie, OC zawodowe i dzia\u0142alno\u015bci gospodarczej, od utraty zysku, cyberubezpieczenia.\" \/>\n<meta property=\"og:url\" content=\"https:\/\/www.lifepilot-ubezpieczenia.pl\/blog\/ubezpieczenia-firmowe\/\" \/>\n<meta property=\"og:site_name\" content=\"LifePilot-Ubezpieczenia\" \/>\n<meta property=\"article:modified_time\" content=\"2026-02-14T14:22:22+00:00\" \/>\n<meta property=\"og:image\" content=\"https:\/\/www.lifepilot-ubezpieczenia.pl\/blog\/wp-content\/uploads\/elementor\/thumbs\/pexels-photo-327533-327533-scaled-rgi5keeu8hahw7rq2bmeti8lm07hh3uf4piwvwcobw.jpg\" \/>\n<meta name=\"twitter:card\" content=\"summary_large_image\" \/>\n<script type=\"application\/ld+json\" class=\"yoast-schema-graph\">{\"@context\":\"https:\\\/\\\/schema.org\",\"@graph\":[{\"@type\":\"WebPage\",\"@id\":\"https:\\\/\\\/www.lifepilot-ubezpieczenia.pl\\\/blog\\\/ubezpieczenia-firmowe\\\/\",\"url\":\"https:\\\/\\\/www.lifepilot-ubezpieczenia.pl\\\/blog\\\/ubezpieczenia-firmowe\\\/\",\"name\":\"firmowe\",\"isPartOf\":{\"@id\":\"https:\\\/\\\/www.lifepilot-ubezpieczenia.pl\\\/blog\\\/#website\"},\"primaryImageOfPage\":{\"@id\":\"https:\\\/\\\/www.lifepilot-ubezpieczenia.pl\\\/blog\\\/ubezpieczenia-firmowe\\\/#primaryimage\"},\"image\":{\"@id\":\"https:\\\/\\\/www.lifepilot-ubezpieczenia.pl\\\/blog\\\/ubezpieczenia-firmowe\\\/#primaryimage\"},\"thumbnailUrl\":\"https:\\\/\\\/www.lifepilot-ubezpieczenia.pl\\\/blog\\\/wp-content\\\/uploads\\\/elementor\\\/thumbs\\\/pexels-photo-327533-327533-scaled-rgi5keeu8hahw7rq2bmeti8lm07hh3uf4piwvwcobw.jpg\",\"datePublished\":\"2025-12-21T22:50:33+00:00\",\"dateModified\":\"2026-02-14T14:22:22+00:00\",\"description\":\"Ubezpieczenia firmowe, bezpiecze\u0144stwo biznesu na ka\u017cdym etapie, OC zawodowe i dzia\u0142alno\u015bci gospodarczej, od utraty zysku, cyberubezpieczenia.\",\"breadcrumb\":{\"@id\":\"https:\\\/\\\/www.lifepilot-ubezpieczenia.pl\\\/blog\\\/ubezpieczenia-firmowe\\\/#breadcrumb\"},\"inLanguage\":\"pl-PL\",\"potentialAction\":[{\"@type\":\"ReadAction\",\"target\":[\"https:\\\/\\\/www.lifepilot-ubezpieczenia.pl\\\/blog\\\/ubezpieczenia-firmowe\\\/\"]}]},{\"@type\":\"ImageObject\",\"inLanguage\":\"pl-PL\",\"@id\":\"https:\\\/\\\/www.lifepilot-ubezpieczenia.pl\\\/blog\\\/ubezpieczenia-firmowe\\\/#primaryimage\",\"url\":\"https:\\\/\\\/www.lifepilot-ubezpieczenia.pl\\\/blog\\\/wp-content\\\/uploads\\\/elementor\\\/thumbs\\\/pexels-photo-327533-327533-scaled-rgi5keeu8hahw7rq2bmeti8lm07hh3uf4piwvwcobw.jpg\",\"contentUrl\":\"https:\\\/\\\/www.lifepilot-ubezpieczenia.pl\\\/blog\\\/wp-content\\\/uploads\\\/elementor\\\/thumbs\\\/pexels-photo-327533-327533-scaled-rgi5keeu8hahw7rq2bmeti8lm07hh3uf4piwvwcobw.jpg\"},{\"@type\":\"BreadcrumbList\",\"@id\":\"https:\\\/\\\/www.lifepilot-ubezpieczenia.pl\\\/blog\\\/ubezpieczenia-firmowe\\\/#breadcrumb\",\"itemListElement\":[{\"@type\":\"ListItem\",\"position\":1,\"name\":\"Strona g\u0142\u00f3wna\",\"item\":\"https:\\\/\\\/www.lifepilot-ubezpieczenia.pl\\\/blog\\\/\"},{\"@type\":\"ListItem\",\"position\":2,\"name\":\"Ubezpieczenia firmowe\"}]},{\"@type\":\"WebSite\",\"@id\":\"https:\\\/\\\/www.lifepilot-ubezpieczenia.pl\\\/blog\\\/#website\",\"url\":\"https:\\\/\\\/www.lifepilot-ubezpieczenia.pl\\\/blog\\\/\",\"name\":\"LifePilot-Ubezpieczenia\",\"description\":\"LifePilot\",\"publisher\":{\"@id\":\"https:\\\/\\\/www.lifepilot-ubezpieczenia.pl\\\/blog\\\/#organization\"},\"alternateName\":\"Ubezpieczenia all\",\"potentialAction\":[{\"@type\":\"SearchAction\",\"target\":{\"@type\":\"EntryPoint\",\"urlTemplate\":\"https:\\\/\\\/www.lifepilot-ubezpieczenia.pl\\\/blog\\\/?s={search_term_string}\"},\"query-input\":{\"@type\":\"PropertyValueSpecification\",\"valueRequired\":true,\"valueName\":\"search_term_string\"}}],\"inLanguage\":\"pl-PL\"},{\"@type\":\"Organization\",\"@id\":\"https:\\\/\\\/www.lifepilot-ubezpieczenia.pl\\\/blog\\\/#organization\",\"name\":\"LifePilot-Ubezpieczenia\",\"alternateName\":\"LifePilot\",\"url\":\"https:\\\/\\\/www.lifepilot-ubezpieczenia.pl\\\/blog\\\/\",\"logo\":{\"@type\":\"ImageObject\",\"inLanguage\":\"pl-PL\",\"@id\":\"https:\\\/\\\/www.lifepilot-ubezpieczenia.pl\\\/blog\\\/#\\\/schema\\\/logo\\\/image\\\/\",\"url\":\"https:\\\/\\\/www.lifepilot-ubezpieczenia.pl\\\/blog\\\/wp-content\\\/uploads\\\/2025\\\/12\\\/cropped-LifePilot1.png\",\"contentUrl\":\"https:\\\/\\\/www.lifepilot-ubezpieczenia.pl\\\/blog\\\/wp-content\\\/uploads\\\/2025\\\/12\\\/cropped-LifePilot1.png\",\"width\":408,\"height\":455,\"caption\":\"LifePilot-Ubezpieczenia\"},\"image\":{\"@id\":\"https:\\\/\\\/www.lifepilot-ubezpieczenia.pl\\\/blog\\\/#\\\/schema\\\/logo\\\/image\\\/\"}}]}<\/script>\n<!-- \/ Yoast SEO plugin. -->","yoast_head_json":{"title":"firmowe","description":"Ubezpieczenia firmowe, bezpiecze\u0144stwo biznesu na ka\u017cdym etapie, OC zawodowe i dzia\u0142alno\u015bci gospodarczej, od utraty zysku, cyberubezpieczenia.","robots":{"index":"index","follow":"follow","max-snippet":"max-snippet:-1","max-image-preview":"max-image-preview:large","max-video-preview":"max-video-preview:-1"},"canonical":"https:\/\/www.lifepilot-ubezpieczenia.pl\/blog\/ubezpieczenia-firmowe\/","og_locale":"pl_PL","og_type":"article","og_title":"firmowe","og_description":"Ubezpieczenia firmowe, bezpiecze\u0144stwo biznesu na ka\u017cdym etapie, OC zawodowe i dzia\u0142alno\u015bci gospodarczej, od utraty zysku, cyberubezpieczenia.","og_url":"https:\/\/www.lifepilot-ubezpieczenia.pl\/blog\/ubezpieczenia-firmowe\/","og_site_name":"LifePilot-Ubezpieczenia","article_modified_time":"2026-02-14T14:22:22+00:00","og_image":[{"url":"https:\/\/www.lifepilot-ubezpieczenia.pl\/blog\/wp-content\/uploads\/elementor\/thumbs\/pexels-photo-327533-327533-scaled-rgi5keeu8hahw7rq2bmeti8lm07hh3uf4piwvwcobw.jpg","type":"","width":"","height":""}],"twitter_card":"summary_large_image","schema":{"@context":"https:\/\/schema.org","@graph":[{"@type":"WebPage","@id":"https:\/\/www.lifepilot-ubezpieczenia.pl\/blog\/ubezpieczenia-firmowe\/","url":"https:\/\/www.lifepilot-ubezpieczenia.pl\/blog\/ubezpieczenia-firmowe\/","name":"firmowe","isPartOf":{"@id":"https:\/\/www.lifepilot-ubezpieczenia.pl\/blog\/#website"},"primaryImageOfPage":{"@id":"https:\/\/www.lifepilot-ubezpieczenia.pl\/blog\/ubezpieczenia-firmowe\/#primaryimage"},"image":{"@id":"https:\/\/www.lifepilot-ubezpieczenia.pl\/blog\/ubezpieczenia-firmowe\/#primaryimage"},"thumbnailUrl":"https:\/\/www.lifepilot-ubezpieczenia.pl\/blog\/wp-content\/uploads\/elementor\/thumbs\/pexels-photo-327533-327533-scaled-rgi5keeu8hahw7rq2bmeti8lm07hh3uf4piwvwcobw.jpg","datePublished":"2025-12-21T22:50:33+00:00","dateModified":"2026-02-14T14:22:22+00:00","description":"Ubezpieczenia firmowe, bezpiecze\u0144stwo biznesu na ka\u017cdym etapie, OC zawodowe i dzia\u0142alno\u015bci gospodarczej, od utraty zysku, cyberubezpieczenia.","breadcrumb":{"@id":"https:\/\/www.lifepilot-ubezpieczenia.pl\/blog\/ubezpieczenia-firmowe\/#breadcrumb"},"inLanguage":"pl-PL","potentialAction":[{"@type":"ReadAction","target":["https:\/\/www.lifepilot-ubezpieczenia.pl\/blog\/ubezpieczenia-firmowe\/"]}]},{"@type":"ImageObject","inLanguage":"pl-PL","@id":"https:\/\/www.lifepilot-ubezpieczenia.pl\/blog\/ubezpieczenia-firmowe\/#primaryimage","url":"https:\/\/www.lifepilot-ubezpieczenia.pl\/blog\/wp-content\/uploads\/elementor\/thumbs\/pexels-photo-327533-327533-scaled-rgi5keeu8hahw7rq2bmeti8lm07hh3uf4piwvwcobw.jpg","contentUrl":"https:\/\/www.lifepilot-ubezpieczenia.pl\/blog\/wp-content\/uploads\/elementor\/thumbs\/pexels-photo-327533-327533-scaled-rgi5keeu8hahw7rq2bmeti8lm07hh3uf4piwvwcobw.jpg"},{"@type":"BreadcrumbList","@id":"https:\/\/www.lifepilot-ubezpieczenia.pl\/blog\/ubezpieczenia-firmowe\/#breadcrumb","itemListElement":[{"@type":"ListItem","position":1,"name":"Strona g\u0142\u00f3wna","item":"https:\/\/www.lifepilot-ubezpieczenia.pl\/blog\/"},{"@type":"ListItem","position":2,"name":"Ubezpieczenia firmowe"}]},{"@type":"WebSite","@id":"https:\/\/www.lifepilot-ubezpieczenia.pl\/blog\/#website","url":"https:\/\/www.lifepilot-ubezpieczenia.pl\/blog\/","name":"LifePilot-Ubezpieczenia","description":"LifePilot","publisher":{"@id":"https:\/\/www.lifepilot-ubezpieczenia.pl\/blog\/#organization"},"alternateName":"Ubezpieczenia all","potentialAction":[{"@type":"SearchAction","target":{"@type":"EntryPoint","urlTemplate":"https:\/\/www.lifepilot-ubezpieczenia.pl\/blog\/?s={search_term_string}"},"query-input":{"@type":"PropertyValueSpecification","valueRequired":true,"valueName":"search_term_string"}}],"inLanguage":"pl-PL"},{"@type":"Organization","@id":"https:\/\/www.lifepilot-ubezpieczenia.pl\/blog\/#organization","name":"LifePilot-Ubezpieczenia","alternateName":"LifePilot","url":"https:\/\/www.lifepilot-ubezpieczenia.pl\/blog\/","logo":{"@type":"ImageObject","inLanguage":"pl-PL","@id":"https:\/\/www.lifepilot-ubezpieczenia.pl\/blog\/#\/schema\/logo\/image\/","url":"https:\/\/www.lifepilot-ubezpieczenia.pl\/blog\/wp-content\/uploads\/2025\/12\/cropped-LifePilot1.png","contentUrl":"https:\/\/www.lifepilot-ubezpieczenia.pl\/blog\/wp-content\/uploads\/2025\/12\/cropped-LifePilot1.png","width":408,"height":455,"caption":"LifePilot-Ubezpieczenia"},"image":{"@id":"https:\/\/www.lifepilot-ubezpieczenia.pl\/blog\/#\/schema\/logo\/image\/"}}]}},"uagb_featured_image_src":{"full":false,"thumbnail":false,"medium":false,"medium_large":false,"large":false,"1536x1536":false,"2048x2048":false},"uagb_author_info":{"display_name":"admin","author_link":"https:\/\/www.lifepilot-ubezpieczenia.pl\/blog\/author\/admin\/"},"uagb_comment_info":0,"uagb_excerpt":"Bezpiecze\u0144stwo biznesu na ka\u017cdym etapie Ubezpieczenia firmowe to kluczowy element stabilnego i odpowiedzialnego prowadzenia dzia\u0142alno\u015bci gospodarczej. Ich zadaniem jest ochrona przedsi\u0119biorstwa przed skutkami zdarze\u0144 losowych, roszczeniami os\u00f3b trzecich, przerwami w dzia\u0142alno\u015bci oraz ryzykami operacyjnymi, kt\u00f3re mog\u0105 realnie zagrozi\u0107 p\u0142ynno\u015bci finansowej firmy. Dobrze zaprojektowany program ubezpieczeniowy pozwala przedsi\u0119biorcy skupi\u0107 si\u0119 na rozwoju biznesu, zamiast na nieprzewidzianych&hellip;","_links":{"self":[{"href":"https:\/\/www.lifepilot-ubezpieczenia.pl\/blog\/wp-json\/wp\/v2\/pages\/417","targetHints":{"allow":["GET"]}}],"collection":[{"href":"https:\/\/www.lifepilot-ubezpieczenia.pl\/blog\/wp-json\/wp\/v2\/pages"}],"about":[{"href":"https:\/\/www.lifepilot-ubezpieczenia.pl\/blog\/wp-json\/wp\/v2\/types\/page"}],"author":[{"embeddable":true,"href":"https:\/\/www.lifepilot-ubezpieczenia.pl\/blog\/wp-json\/wp\/v2\/users\/1"}],"replies":[{"embeddable":true,"href":"https:\/\/www.lifepilot-ubezpieczenia.pl\/blog\/wp-json\/wp\/v2\/comments?post=417"}],"version-history":[{"count":13,"href":"https:\/\/www.lifepilot-ubezpieczenia.pl\/blog\/wp-json\/wp\/v2\/pages\/417\/revisions"}],"predecessor-version":[{"id":911,"href":"https:\/\/www.lifepilot-ubezpieczenia.pl\/blog\/wp-json\/wp\/v2\/pages\/417\/revisions\/911"}],"wp:attachment":[{"href":"https:\/\/www.lifepilot-ubezpieczenia.pl\/blog\/wp-json\/wp\/v2\/media?parent=417"}],"curies":[{"name":"wp","href":"https:\/\/api.w.org\/{rel}","templated":true}]}}