{"id":402,"date":"2025-12-21T22:31:08","date_gmt":"2025-12-21T22:31:08","guid":{"rendered":"http:\/\/www.lifepilot-ubezpieczenia.pl\/blog\/?page_id=402"},"modified":"2026-02-22T18:58:27","modified_gmt":"2026-02-22T18:58:27","slug":"podroze","status":"publish","type":"page","link":"https:\/\/www.lifepilot-ubezpieczenia.pl\/blog\/podroze\/","title":{"rendered":"Podr\u00f3\u017ce"},"content":{"rendered":"\t\t<div data-elementor-type=\"wp-page\" data-elementor-id=\"402\" class=\"elementor elementor-402\">\n\t\t\t\t<div class=\"elementor-element elementor-element-c597806 e-flex e-con-boxed e-con e-parent\" data-id=\"c597806\" data-element_type=\"container\" data-e-type=\"container\">\n\t\t\t\t\t<div class=\"e-con-inner\">\n\t\t\t\t<div class=\"elementor-element elementor-element-1ee356a elementor-widget elementor-widget-heading\" data-id=\"1ee356a\" data-element_type=\"widget\" data-e-type=\"widget\" data-widget_type=\"heading.default\">\n\t\t\t\t\t<h4 class=\"elementor-heading-title elementor-size-default\">Bezpieczne podr\u00f3\u017ce \u2013 bez wzgl\u0119du na kierunek<\/h4>\t\t\t\t<\/div>\n\t\t\t\t\t<\/div>\n\t\t\t\t<\/div>\n\t\t<div class=\"elementor-element elementor-element-55ae1de e-flex e-con-boxed e-con e-parent\" data-id=\"55ae1de\" data-element_type=\"container\" data-e-type=\"container\">\n\t\t\t\t\t<div class=\"e-con-inner\">\n\t\t<div class=\"elementor-element elementor-element-c3946cb e-con-full e-flex e-con e-child\" data-id=\"c3946cb\" data-element_type=\"container\" data-e-type=\"container\">\n\t\t\t\t<div class=\"elementor-element elementor-element-261b03b elementor-widget elementor-widget-text-editor\" data-id=\"261b03b\" data-element_type=\"widget\" data-e-type=\"widget\" data-widget_type=\"text-editor.default\">\n\t\t\t\t\t\t\t\t\t<p>Ubezpieczenie podr\u00f3\u017cne to niezb\u0119dny element ka\u017cdej podr\u00f3\u017cy \u2013 zar\u00f3wno prywatnej, jak i s\u0142u\u017cbowej. Zapewnia ochron\u0119 zdrowia, \u017cycia i finans\u00f3w poza miejscem zamieszkania, minimalizuj\u0105c skutki nieprzewidzianych zdarze\u0144, takich jak nag\u0142a choroba, wypadek, utrata baga\u017cu czy op\u00f3\u017anienie transportu.<\/p><p>Dobrze dobrana polisa podr\u00f3\u017cna pozwala skupi\u0107 si\u0119 na wyje\u017adzie, a nie na ryzykach, kt\u00f3re mog\u0105 pojawi\u0107 si\u0119 w trakcie podr\u00f3\u017cy.<\/p>\t\t\t\t\t\t\t\t<\/div>\n\t\t\t\t<\/div>\n\t\t<div class=\"elementor-element elementor-element-781ce39 e-con-full e-flex e-con e-child\" data-id=\"781ce39\" data-element_type=\"container\" data-e-type=\"container\">\n\t\t\t\t<div class=\"elementor-element elementor-element-b26789a elementor-widget elementor-widget-image\" data-id=\"b26789a\" data-element_type=\"widget\" data-e-type=\"widget\" data-widget_type=\"image.default\">\n\t\t\t\t\t\t\t\t\t\t\t\t<figure class=\"wp-caption\">\n\t\t\t\t\t\t\t\t\t\t<img decoding=\"async\" src=\"https:\/\/www.lifepilot-ubezpieczenia.pl\/blog\/wp-content\/uploads\/elementor\/thumbs\/gd6c4f6134d9fc609abea58a455e8858e7392263d3e1f5e7edfc4b41f68ba470d2e9ec015546bb0b5612d86b650e3a4a95a16da4a395c3491b07d7c45aef2fddf_1280-1753659-rgi4kt8thake3esjpehonfmbqwe3epkoltl6r9use0.jpg\" title=\"gd6c4f6134d9fc609abea58a455e8858e7392263d3e1f5e7edfc4b41f68ba470d2e9ec015546bb0b5612d86b650e3a4a95a16da4a395c3491b07d7c45aef2fddf_1280-1753659\" alt=\"compass, hand, travel, direction, the way, navigation, hand, hand, hand, hand, travel, travel, travel, travel, travel, direction, direction, direction, direction\" loading=\"lazy\" \/>\t\t\t\t\t\t\t\t\t\t\t<figcaption class=\"widget-image-caption wp-caption-text\">Kompasy wyznaczajacy kierunek<\/figcaption>\n\t\t\t\t\t\t\t\t\t\t<\/figure>\n\t\t\t\t\t\t\t\t\t<\/div>\n\t\t\t\t<\/div>\n\t\t\t\t\t<\/div>\n\t\t\t\t<\/div>\n\t\t<div class=\"elementor-element elementor-element-cd54eee e-flex e-con-boxed e-con e-parent\" data-id=\"cd54eee\" data-element_type=\"container\" data-e-type=\"container\">\n\t\t\t\t\t<div class=\"e-con-inner\">\n\t\t\t\t<div class=\"elementor-element elementor-element-657be0b elementor-widget elementor-widget-text-editor\" data-id=\"657be0b\" data-element_type=\"widget\" data-e-type=\"widget\" data-widget_type=\"text-editor.default\">\n\t\t\t\t\t\t\t\t\t<h4>Rodzaje ubezpiecze\u0144 podr\u00f3\u017cnych<\/h4><ul data-spread=\"false\"><li><p>ubezpieczenia turystyczne kr\u00f3tkoterminowe<\/p><\/li><li><p>ubezpieczenia d\u0142ugoterminowe<\/p><\/li><li><p>polisy rodzinne<\/p><\/li><li><p>ubezpieczenia podr\u00f3\u017cy s\u0142u\u017cbowych<\/p><\/li><li><p>ubezpieczenia wyjazd\u00f3w zagranicznych i krajowych<\/p><\/li><\/ul>\t\t\t\t\t\t\t\t<\/div>\n\t\t\t\t\t<\/div>\n\t\t\t\t<\/div>\n\t\t<div class=\"elementor-element elementor-element-58ae694 e-flex e-con-boxed e-con e-parent\" data-id=\"58ae694\" data-element_type=\"container\" data-e-type=\"container\">\n\t\t\t\t\t<div class=\"e-con-inner\">\n\t\t\t\t<div class=\"elementor-element elementor-element-b082c97 elementor-widget elementor-widget-text-editor\" data-id=\"b082c97\" data-element_type=\"widget\" data-e-type=\"widget\" data-widget_type=\"text-editor.default\">\n\t\t\t\t\t\t\t\t\t<h4>\ud83c\udfe5 Koszty leczenia za granic\u0105<\/h4><p>Ubezpieczenie obejmuje pokrycie koszt\u00f3w:<\/p><ul><li style=\"list-style-type: none;\"><ul><li style=\"list-style-type: none;\"><ul><li style=\"list-style-type: none;\"><ul data-spread=\"false\"><li><p>leczenia ambulatoryjnego i szpitalnego,<\/p><\/li><li><p>wizyt lekarskich i konsultacji specjalistycznych,<\/p><\/li><li><p>bada\u0144 diagnostycznych i lek\u00f3w,<\/p><\/li><li><p>transportu medycznego i repatriacji.<\/p><\/li><\/ul><\/li><\/ul><\/li><\/ul><\/li><\/ul><p>Zakres i sumy ubezpieczenia dostosowywane s\u0105 do kierunku oraz charakteru podr\u00f3\u017cy.<br \/><br \/><\/p><h4>\ud83e\udd15 Nast\u0119pstwa nieszcz\u0119\u015bliwych wypadk\u00f3w (NNW)<\/h4><p>Ochrona NNW zapewnia \u015bwiadczenia w przypadku:<\/p><ul><li style=\"list-style-type: none;\"><ul><li style=\"list-style-type: none;\"><ul><li style=\"list-style-type: none;\"><ul data-spread=\"false\"><li><p>trwa\u0142ego uszczerbku na zdrowiu,<\/p><\/li><li><p>czasowej niezdolno\u015bci do pracy lub nauki,<\/p><\/li><li><p>hospitalizacji,<\/p><\/li><li><p>\u015bmierci w wyniku wypadku podczas podr\u00f3\u017cy.<\/p><\/li><\/ul><\/li><\/ul><\/li><\/ul><\/li><\/ul><h4>\ud83e\uddf3 Ubezpieczenie baga\u017cu<\/h4><p>Polisa mo\u017ce obejmowa\u0107 ochron\u0119 baga\u017cu w przypadku:<\/p><ul><li style=\"list-style-type: none;\"><ul><li style=\"list-style-type: none;\"><ul><li style=\"list-style-type: none;\"><ul data-spread=\"false\"><li><p>kradzie\u017cy,<\/p><\/li><li><p>zniszczenia lub uszkodzenia,<\/p><\/li><li><p>zagubienia przez przewo\u017anika.<\/p><\/li><\/ul><\/li><\/ul><\/li><\/ul><\/li><\/ul><p>\u015awiadczenie pozwala na szybkie odtworzenie utraconego wyposa\u017cenia.<br \/><br \/><\/p><h4>\ud83d\udee0\ufe0f Assistance podr\u00f3\u017cne<\/h4><p>Ubezpieczenie Assistance zapewnia ca\u0142odobow\u0105 pomoc w trakcie podr\u00f3\u017cy, w tym:<\/p><ul><li style=\"list-style-type: none;\"><ul><li style=\"list-style-type: none;\"><ul><li style=\"list-style-type: none;\"><ul data-spread=\"false\"><li><p>organizacj\u0119 i pokrycie koszt\u00f3w pomocy medycznej,<\/p><\/li><li><p>pomoc prawn\u0105 i t\u0142umacza,<\/p><\/li><li><p>wsparcie w razie utraty dokument\u00f3w,<\/p><\/li><li><p>organizacj\u0119 powrotu do kraju.<\/p><\/li><\/ul><\/li><\/ul><\/li><\/ul><\/li><\/ul><h4>\u2696\ufe0f OC w \u017cyciu prywatnym za granic\u0105<\/h4><p>Ubezpieczenie OC chroni przed finansowymi skutkami szk\u00f3d wyrz\u0105dzonych osobom trzecim lub ich mieniu podczas podr\u00f3\u017cy, m.in.:<\/p><ul><li style=\"list-style-type: none;\"><ul><li style=\"list-style-type: none;\"><ul><li style=\"list-style-type: none;\"><ul data-spread=\"false\"><li><p>szkody w miejscu zakwaterowania,<\/p><\/li><li><p>szkody wyrz\u0105dzone osobom trzecim,<\/p><\/li><li><p>zdarzenia losowe w trakcie wypoczynku lub aktywno\u015bci sportowych.<\/p><\/li><\/ul><\/li><\/ul><\/li><\/ul><\/li><\/ul><h4>\ud83c\udfc2 Sporty wysokiego ryzyka i aktywno\u015bci specjalne<\/h4><p>Ubezpieczenie podr\u00f3\u017cne mo\u017ce zosta\u0107 rozszerzone o ochron\u0119:<\/p><ul><li style=\"list-style-type: none;\"><ul><li style=\"list-style-type: none;\"><ul><li style=\"list-style-type: none;\"><ul data-spread=\"false\"><li><p>sport\u00f3w zimowych i ekstremalnych,<\/p><\/li><li><p>nurkowania,<\/p><\/li><li><p>trekkingu wysokog\u00f3rskiego,<\/p><\/li><li><p>pracy fizycznej za granic\u0105.<\/p><\/li><\/ul><\/li><\/ul><\/li><\/ul><\/li><\/ul><p>Rozszerzenia eliminuj\u0105 ryzyko braku ochrony w sytuacjach podwy\u017cszonego ryzyka.<\/p>\t\t\t\t\t\t\t\t<\/div>\n\t\t\t\t\t<\/div>\n\t\t\t\t<\/div>\n\t\t<div class=\"elementor-element elementor-element-230a3ec e-flex e-con-boxed e-con e-parent\" data-id=\"230a3ec\" data-element_type=\"container\" data-e-type=\"container\">\n\t\t\t\t\t<div class=\"e-con-inner\">\n\t\t\t\t<div class=\"elementor-element elementor-element-d59a792 elementor-widget elementor-widget-text-editor\" data-id=\"d59a792\" data-element_type=\"widget\" data-e-type=\"widget\" data-widget_type=\"text-editor.default\">\n\t\t\t\t\t\t\t\t\t<h4>Dlaczego warto posiada\u0107 ubezpieczenie podr\u00f3\u017cne?<\/h4><ul data-spread=\"false\"><li><p>dost\u0119p do opieki medycznej bez wysokich koszt\u00f3w,<\/p><\/li><li><p>ochrona finansowa w razie wypadku lub choroby,<\/p><\/li><li><p>pomoc organizacyjna w sytuacjach kryzysowych,<\/p><\/li><li><p>zabezpieczenie mienia podczas podr\u00f3\u017cy,<\/p><\/li><li><p>spokojny i komfortowy wyjazd.<\/p><\/li><\/ul><h4>Skonsultuj ubezpieczenie podr\u00f3\u017cne<\/h4><p>Ka\u017cda podr\u00f3\u017c wi\u0105\u017ce si\u0119 z innym zakresem ryzyka. Skontaktuj si\u0119 z nami, aby dobra\u0107 ubezpieczenie podr\u00f3\u017cne zapewniaj\u0105ce realn\u0105 ochron\u0119 \u2013 niezale\u017cnie od kierunku i celu wyjazdu.<br \/><br \/><\/p><p><a href=\"https:\/\/www.lifepilot-ubezpieczenia.pl\/blog\/kontakt\/\">\ud83d\udc49 <strong>Um\u00f3w si\u0119 na bezp\u0142atn\u0105 konsultacj\u0119 ubezpieczeniow\u0105<\/strong><\/a><\/p>\t\t\t\t\t\t\t\t<\/div>\n\t\t\t\t\t<\/div>\n\t\t\t\t<\/div>\n\t\t\t\t<\/div>\n\t\t","protected":false},"excerpt":{"rendered":"<p>Bezpieczne podr\u00f3\u017ce \u2013 bez wzgl\u0119du na kierunek Ubezpieczenie podr\u00f3\u017cne to niezb\u0119dny element ka\u017cdej podr\u00f3\u017cy \u2013 zar\u00f3wno prywatnej, jak i s\u0142u\u017cbowej. Zapewnia ochron\u0119 zdrowia, \u017cycia i finans\u00f3w poza miejscem zamieszkania, minimalizuj\u0105c skutki nieprzewidzianych zdarze\u0144, takich jak nag\u0142a choroba, wypadek, utrata baga\u017cu czy op\u00f3\u017anienie transportu. Dobrze dobrana polisa podr\u00f3\u017cna pozwala skupi\u0107 si\u0119 na wyje\u017adzie, a nie na [&hellip;]<\/p>\n","protected":false},"author":1,"featured_media":0,"parent":0,"menu_order":0,"comment_status":"closed","ping_status":"closed","template":"","meta":{"_uag_custom_page_level_css":"","site-sidebar-layout":"right-sidebar","site-content-layout":"","ast-site-content-layout":"full-width-container","site-content-style":"default","site-sidebar-style":"boxed","ast-global-header-display":"","ast-banner-title-visibility":"","ast-main-header-display":"","ast-hfb-above-header-display":"","ast-hfb-below-header-display":"","ast-hfb-mobile-header-display":"","site-post-title":"","ast-breadcrumbs-content":"","ast-featured-img":"disabled","footer-sml-layout":"","ast-disable-related-posts":"","theme-transparent-header-meta":"","adv-header-id-meta":"","stick-header-meta":"","header-above-stick-meta":"","header-main-stick-meta":"","header-below-stick-meta":"","astra-migrate-meta-layouts":"default","ast-page-background-enabled":"default","ast-page-background-meta":{"desktop":{"background-color":"var(--ast-global-color-5)","background-image":"","background-repeat":"repeat","background-position":"center center","background-size":"auto","background-attachment":"scroll","background-type":"","background-media":"","overlay-type":"","overlay-color":"","overlay-opacity":"","overlay-gradient":""},"tablet":{"background-color":"","background-image":"","background-repeat":"repeat","background-position":"center center","background-size":"auto","background-attachment":"scroll","background-type":"","background-media":"","overlay-type":"","overlay-color":"","overlay-opacity":"","overlay-gradient":""},"mobile":{"background-color":"","background-image":"","background-repeat":"repeat","background-position":"center center","background-size":"auto","background-attachment":"scroll","background-type":"","background-media":"","overlay-type":"","overlay-color":"","overlay-opacity":"","overlay-gradient":""}},"ast-content-background-meta":{"desktop":{"background-color":"var(--ast-global-color-4)","background-image":"","background-repeat":"repeat","background-position":"center center","background-size":"auto","background-attachment":"scroll","background-type":"","background-media":"","overlay-type":"","overlay-color":"","overlay-opacity":"","overlay-gradient":""},"tablet":{"background-color":"var(--ast-global-color-4)","background-image":"","background-repeat":"repeat","background-position":"center center","background-size":"auto","background-attachment":"scroll","background-type":"","background-media":"","overlay-type":"","overlay-color":"","overlay-opacity":"","overlay-gradient":""},"mobile":{"background-color":"var(--ast-global-color-4)","background-image":"","background-repeat":"repeat","background-position":"center center","background-size":"auto","background-attachment":"scroll","background-type":"","background-media":"","overlay-type":"","overlay-color":"","overlay-opacity":"","overlay-gradient":""}},"_kadence_starter_templates_imported_post":false,"footnotes":""},"class_list":["post-402","page","type-page","status-publish","hentry"],"yoast_head":"<!-- This site is optimized with the Yoast SEO plugin v27.5 - https:\/\/yoast.com\/product\/yoast-seo-wordpress\/ -->\n<title>podr\u00f3\u017ce<\/title>\n<meta name=\"description\" content=\"Ubezpieczenia podr\u00f3\u017cy, w tym baga\u017cu, leczenia za granic\u0105, sport\u00f3w wysokiego ryzyka i sport\u00f3w specjalnych, assistance podr\u00f3\u017cne.\" \/>\n<meta name=\"robots\" content=\"index, follow, max-snippet:-1, max-image-preview:large, max-video-preview:-1\" \/>\n<link rel=\"canonical\" href=\"https:\/\/www.lifepilot-ubezpieczenia.pl\/blog\/podroze\/\" \/>\n<meta property=\"og:locale\" content=\"pl_PL\" \/>\n<meta property=\"og:type\" content=\"article\" \/>\n<meta property=\"og:title\" content=\"podr\u00f3\u017ce\" \/>\n<meta property=\"og:description\" content=\"Ubezpieczenia podr\u00f3\u017cy, w tym baga\u017cu, leczenia za granic\u0105, sport\u00f3w wysokiego ryzyka i sport\u00f3w specjalnych, assistance podr\u00f3\u017cne.\" \/>\n<meta property=\"og:url\" content=\"https:\/\/www.lifepilot-ubezpieczenia.pl\/blog\/podroze\/\" \/>\n<meta property=\"og:site_name\" content=\"LifePilot-Ubezpieczenia\" \/>\n<meta property=\"article:modified_time\" content=\"2026-02-22T18:58:27+00:00\" \/>\n<meta property=\"og:image\" content=\"https:\/\/www.lifepilot-ubezpieczenia.pl\/blog\/wp-content\/uploads\/elementor\/thumbs\/gd6c4f6134d9fc609abea58a455e8858e7392263d3e1f5e7edfc4b41f68ba470d2e9ec015546bb0b5612d86b650e3a4a95a16da4a395c3491b07d7c45aef2fddf_1280-1753659-rgi4kt8thake3esjpehonfmbqwe3epkoltl6r9use0.jpg\" \/>\n<meta name=\"twitter:card\" content=\"summary_large_image\" \/>\n<script type=\"application\/ld+json\" class=\"yoast-schema-graph\">{\"@context\":\"https:\\\/\\\/schema.org\",\"@graph\":[{\"@type\":\"WebPage\",\"@id\":\"https:\\\/\\\/www.lifepilot-ubezpieczenia.pl\\\/blog\\\/podroze\\\/\",\"url\":\"https:\\\/\\\/www.lifepilot-ubezpieczenia.pl\\\/blog\\\/podroze\\\/\",\"name\":\"podr\u00f3\u017ce\",\"isPartOf\":{\"@id\":\"https:\\\/\\\/www.lifepilot-ubezpieczenia.pl\\\/blog\\\/#website\"},\"primaryImageOfPage\":{\"@id\":\"https:\\\/\\\/www.lifepilot-ubezpieczenia.pl\\\/blog\\\/podroze\\\/#primaryimage\"},\"image\":{\"@id\":\"https:\\\/\\\/www.lifepilot-ubezpieczenia.pl\\\/blog\\\/podroze\\\/#primaryimage\"},\"thumbnailUrl\":\"https:\\\/\\\/www.lifepilot-ubezpieczenia.pl\\\/blog\\\/wp-content\\\/uploads\\\/elementor\\\/thumbs\\\/gd6c4f6134d9fc609abea58a455e8858e7392263d3e1f5e7edfc4b41f68ba470d2e9ec015546bb0b5612d86b650e3a4a95a16da4a395c3491b07d7c45aef2fddf_1280-1753659-rgi4kt8thake3esjpehonfmbqwe3epkoltl6r9use0.jpg\",\"datePublished\":\"2025-12-21T22:31:08+00:00\",\"dateModified\":\"2026-02-22T18:58:27+00:00\",\"description\":\"Ubezpieczenia podr\u00f3\u017cy, w tym baga\u017cu, leczenia za granic\u0105, sport\u00f3w wysokiego ryzyka i sport\u00f3w specjalnych, assistance podr\u00f3\u017cne.\",\"breadcrumb\":{\"@id\":\"https:\\\/\\\/www.lifepilot-ubezpieczenia.pl\\\/blog\\\/podroze\\\/#breadcrumb\"},\"inLanguage\":\"pl-PL\",\"potentialAction\":[{\"@type\":\"ReadAction\",\"target\":[\"https:\\\/\\\/www.lifepilot-ubezpieczenia.pl\\\/blog\\\/podroze\\\/\"]}]},{\"@type\":\"ImageObject\",\"inLanguage\":\"pl-PL\",\"@id\":\"https:\\\/\\\/www.lifepilot-ubezpieczenia.pl\\\/blog\\\/podroze\\\/#primaryimage\",\"url\":\"https:\\\/\\\/www.lifepilot-ubezpieczenia.pl\\\/blog\\\/wp-content\\\/uploads\\\/elementor\\\/thumbs\\\/gd6c4f6134d9fc609abea58a455e8858e7392263d3e1f5e7edfc4b41f68ba470d2e9ec015546bb0b5612d86b650e3a4a95a16da4a395c3491b07d7c45aef2fddf_1280-1753659-rgi4kt8thake3esjpehonfmbqwe3epkoltl6r9use0.jpg\",\"contentUrl\":\"https:\\\/\\\/www.lifepilot-ubezpieczenia.pl\\\/blog\\\/wp-content\\\/uploads\\\/elementor\\\/thumbs\\\/gd6c4f6134d9fc609abea58a455e8858e7392263d3e1f5e7edfc4b41f68ba470d2e9ec015546bb0b5612d86b650e3a4a95a16da4a395c3491b07d7c45aef2fddf_1280-1753659-rgi4kt8thake3esjpehonfmbqwe3epkoltl6r9use0.jpg\"},{\"@type\":\"BreadcrumbList\",\"@id\":\"https:\\\/\\\/www.lifepilot-ubezpieczenia.pl\\\/blog\\\/podroze\\\/#breadcrumb\",\"itemListElement\":[{\"@type\":\"ListItem\",\"position\":1,\"name\":\"Strona g\u0142\u00f3wna\",\"item\":\"https:\\\/\\\/www.lifepilot-ubezpieczenia.pl\\\/blog\\\/\"},{\"@type\":\"ListItem\",\"position\":2,\"name\":\"Podr\u00f3\u017ce\"}]},{\"@type\":\"WebSite\",\"@id\":\"https:\\\/\\\/www.lifepilot-ubezpieczenia.pl\\\/blog\\\/#website\",\"url\":\"https:\\\/\\\/www.lifepilot-ubezpieczenia.pl\\\/blog\\\/\",\"name\":\"LifePilot-Ubezpieczenia\",\"description\":\"LifePilot\",\"publisher\":{\"@id\":\"https:\\\/\\\/www.lifepilot-ubezpieczenia.pl\\\/blog\\\/#organization\"},\"alternateName\":\"Ubezpieczenia all\",\"potentialAction\":[{\"@type\":\"SearchAction\",\"target\":{\"@type\":\"EntryPoint\",\"urlTemplate\":\"https:\\\/\\\/www.lifepilot-ubezpieczenia.pl\\\/blog\\\/?s={search_term_string}\"},\"query-input\":{\"@type\":\"PropertyValueSpecification\",\"valueRequired\":true,\"valueName\":\"search_term_string\"}}],\"inLanguage\":\"pl-PL\"},{\"@type\":\"Organization\",\"@id\":\"https:\\\/\\\/www.lifepilot-ubezpieczenia.pl\\\/blog\\\/#organization\",\"name\":\"LifePilot-Ubezpieczenia\",\"alternateName\":\"LifePilot\",\"url\":\"https:\\\/\\\/www.lifepilot-ubezpieczenia.pl\\\/blog\\\/\",\"logo\":{\"@type\":\"ImageObject\",\"inLanguage\":\"pl-PL\",\"@id\":\"https:\\\/\\\/www.lifepilot-ubezpieczenia.pl\\\/blog\\\/#\\\/schema\\\/logo\\\/image\\\/\",\"url\":\"https:\\\/\\\/www.lifepilot-ubezpieczenia.pl\\\/blog\\\/wp-content\\\/uploads\\\/2025\\\/12\\\/cropped-LifePilot1.png\",\"contentUrl\":\"https:\\\/\\\/www.lifepilot-ubezpieczenia.pl\\\/blog\\\/wp-content\\\/uploads\\\/2025\\\/12\\\/cropped-LifePilot1.png\",\"width\":408,\"height\":455,\"caption\":\"LifePilot-Ubezpieczenia\"},\"image\":{\"@id\":\"https:\\\/\\\/www.lifepilot-ubezpieczenia.pl\\\/blog\\\/#\\\/schema\\\/logo\\\/image\\\/\"}}]}<\/script>\n<!-- \/ Yoast SEO plugin. -->","yoast_head_json":{"title":"podr\u00f3\u017ce","description":"Ubezpieczenia podr\u00f3\u017cy, w tym baga\u017cu, leczenia za granic\u0105, sport\u00f3w wysokiego ryzyka i sport\u00f3w specjalnych, assistance podr\u00f3\u017cne.","robots":{"index":"index","follow":"follow","max-snippet":"max-snippet:-1","max-image-preview":"max-image-preview:large","max-video-preview":"max-video-preview:-1"},"canonical":"https:\/\/www.lifepilot-ubezpieczenia.pl\/blog\/podroze\/","og_locale":"pl_PL","og_type":"article","og_title":"podr\u00f3\u017ce","og_description":"Ubezpieczenia podr\u00f3\u017cy, w tym baga\u017cu, leczenia za granic\u0105, sport\u00f3w wysokiego ryzyka i sport\u00f3w specjalnych, assistance podr\u00f3\u017cne.","og_url":"https:\/\/www.lifepilot-ubezpieczenia.pl\/blog\/podroze\/","og_site_name":"LifePilot-Ubezpieczenia","article_modified_time":"2026-02-22T18:58:27+00:00","og_image":[{"url":"https:\/\/www.lifepilot-ubezpieczenia.pl\/blog\/wp-content\/uploads\/elementor\/thumbs\/gd6c4f6134d9fc609abea58a455e8858e7392263d3e1f5e7edfc4b41f68ba470d2e9ec015546bb0b5612d86b650e3a4a95a16da4a395c3491b07d7c45aef2fddf_1280-1753659-rgi4kt8thake3esjpehonfmbqwe3epkoltl6r9use0.jpg","type":"","width":"","height":""}],"twitter_card":"summary_large_image","schema":{"@context":"https:\/\/schema.org","@graph":[{"@type":"WebPage","@id":"https:\/\/www.lifepilot-ubezpieczenia.pl\/blog\/podroze\/","url":"https:\/\/www.lifepilot-ubezpieczenia.pl\/blog\/podroze\/","name":"podr\u00f3\u017ce","isPartOf":{"@id":"https:\/\/www.lifepilot-ubezpieczenia.pl\/blog\/#website"},"primaryImageOfPage":{"@id":"https:\/\/www.lifepilot-ubezpieczenia.pl\/blog\/podroze\/#primaryimage"},"image":{"@id":"https:\/\/www.lifepilot-ubezpieczenia.pl\/blog\/podroze\/#primaryimage"},"thumbnailUrl":"https:\/\/www.lifepilot-ubezpieczenia.pl\/blog\/wp-content\/uploads\/elementor\/thumbs\/gd6c4f6134d9fc609abea58a455e8858e7392263d3e1f5e7edfc4b41f68ba470d2e9ec015546bb0b5612d86b650e3a4a95a16da4a395c3491b07d7c45aef2fddf_1280-1753659-rgi4kt8thake3esjpehonfmbqwe3epkoltl6r9use0.jpg","datePublished":"2025-12-21T22:31:08+00:00","dateModified":"2026-02-22T18:58:27+00:00","description":"Ubezpieczenia podr\u00f3\u017cy, w tym baga\u017cu, leczenia za granic\u0105, sport\u00f3w wysokiego ryzyka i sport\u00f3w specjalnych, assistance podr\u00f3\u017cne.","breadcrumb":{"@id":"https:\/\/www.lifepilot-ubezpieczenia.pl\/blog\/podroze\/#breadcrumb"},"inLanguage":"pl-PL","potentialAction":[{"@type":"ReadAction","target":["https:\/\/www.lifepilot-ubezpieczenia.pl\/blog\/podroze\/"]}]},{"@type":"ImageObject","inLanguage":"pl-PL","@id":"https:\/\/www.lifepilot-ubezpieczenia.pl\/blog\/podroze\/#primaryimage","url":"https:\/\/www.lifepilot-ubezpieczenia.pl\/blog\/wp-content\/uploads\/elementor\/thumbs\/gd6c4f6134d9fc609abea58a455e8858e7392263d3e1f5e7edfc4b41f68ba470d2e9ec015546bb0b5612d86b650e3a4a95a16da4a395c3491b07d7c45aef2fddf_1280-1753659-rgi4kt8thake3esjpehonfmbqwe3epkoltl6r9use0.jpg","contentUrl":"https:\/\/www.lifepilot-ubezpieczenia.pl\/blog\/wp-content\/uploads\/elementor\/thumbs\/gd6c4f6134d9fc609abea58a455e8858e7392263d3e1f5e7edfc4b41f68ba470d2e9ec015546bb0b5612d86b650e3a4a95a16da4a395c3491b07d7c45aef2fddf_1280-1753659-rgi4kt8thake3esjpehonfmbqwe3epkoltl6r9use0.jpg"},{"@type":"BreadcrumbList","@id":"https:\/\/www.lifepilot-ubezpieczenia.pl\/blog\/podroze\/#breadcrumb","itemListElement":[{"@type":"ListItem","position":1,"name":"Strona g\u0142\u00f3wna","item":"https:\/\/www.lifepilot-ubezpieczenia.pl\/blog\/"},{"@type":"ListItem","position":2,"name":"Podr\u00f3\u017ce"}]},{"@type":"WebSite","@id":"https:\/\/www.lifepilot-ubezpieczenia.pl\/blog\/#website","url":"https:\/\/www.lifepilot-ubezpieczenia.pl\/blog\/","name":"LifePilot-Ubezpieczenia","description":"LifePilot","publisher":{"@id":"https:\/\/www.lifepilot-ubezpieczenia.pl\/blog\/#organization"},"alternateName":"Ubezpieczenia all","potentialAction":[{"@type":"SearchAction","target":{"@type":"EntryPoint","urlTemplate":"https:\/\/www.lifepilot-ubezpieczenia.pl\/blog\/?s={search_term_string}"},"query-input":{"@type":"PropertyValueSpecification","valueRequired":true,"valueName":"search_term_string"}}],"inLanguage":"pl-PL"},{"@type":"Organization","@id":"https:\/\/www.lifepilot-ubezpieczenia.pl\/blog\/#organization","name":"LifePilot-Ubezpieczenia","alternateName":"LifePilot","url":"https:\/\/www.lifepilot-ubezpieczenia.pl\/blog\/","logo":{"@type":"ImageObject","inLanguage":"pl-PL","@id":"https:\/\/www.lifepilot-ubezpieczenia.pl\/blog\/#\/schema\/logo\/image\/","url":"https:\/\/www.lifepilot-ubezpieczenia.pl\/blog\/wp-content\/uploads\/2025\/12\/cropped-LifePilot1.png","contentUrl":"https:\/\/www.lifepilot-ubezpieczenia.pl\/blog\/wp-content\/uploads\/2025\/12\/cropped-LifePilot1.png","width":408,"height":455,"caption":"LifePilot-Ubezpieczenia"},"image":{"@id":"https:\/\/www.lifepilot-ubezpieczenia.pl\/blog\/#\/schema\/logo\/image\/"}}]}},"uagb_featured_image_src":{"full":false,"thumbnail":false,"medium":false,"medium_large":false,"large":false,"1536x1536":false,"2048x2048":false},"uagb_author_info":{"display_name":"admin","author_link":"https:\/\/www.lifepilot-ubezpieczenia.pl\/blog\/author\/admin\/"},"uagb_comment_info":0,"uagb_excerpt":"Bezpieczne podr\u00f3\u017ce \u2013 bez wzgl\u0119du na kierunek Ubezpieczenie podr\u00f3\u017cne to niezb\u0119dny element ka\u017cdej podr\u00f3\u017cy \u2013 zar\u00f3wno prywatnej, jak i s\u0142u\u017cbowej. Zapewnia ochron\u0119 zdrowia, \u017cycia i finans\u00f3w poza miejscem zamieszkania, minimalizuj\u0105c skutki nieprzewidzianych zdarze\u0144, takich jak nag\u0142a choroba, wypadek, utrata baga\u017cu czy op\u00f3\u017anienie transportu. Dobrze dobrana polisa podr\u00f3\u017cna pozwala skupi\u0107 si\u0119 na wyje\u017adzie, a nie na&hellip;","_links":{"self":[{"href":"https:\/\/www.lifepilot-ubezpieczenia.pl\/blog\/wp-json\/wp\/v2\/pages\/402","targetHints":{"allow":["GET"]}}],"collection":[{"href":"https:\/\/www.lifepilot-ubezpieczenia.pl\/blog\/wp-json\/wp\/v2\/pages"}],"about":[{"href":"https:\/\/www.lifepilot-ubezpieczenia.pl\/blog\/wp-json\/wp\/v2\/types\/page"}],"author":[{"embeddable":true,"href":"https:\/\/www.lifepilot-ubezpieczenia.pl\/blog\/wp-json\/wp\/v2\/users\/1"}],"replies":[{"embeddable":true,"href":"https:\/\/www.lifepilot-ubezpieczenia.pl\/blog\/wp-json\/wp\/v2\/comments?post=402"}],"version-history":[{"count":11,"href":"https:\/\/www.lifepilot-ubezpieczenia.pl\/blog\/wp-json\/wp\/v2\/pages\/402\/revisions"}],"predecessor-version":[{"id":1103,"href":"https:\/\/www.lifepilot-ubezpieczenia.pl\/blog\/wp-json\/wp\/v2\/pages\/402\/revisions\/1103"}],"wp:attachment":[{"href":"https:\/\/www.lifepilot-ubezpieczenia.pl\/blog\/wp-json\/wp\/v2\/media?parent=402"}],"curies":[{"name":"wp","href":"https:\/\/api.w.org\/{rel}","templated":true}]}}