{"id":369,"date":"2025-12-21T20:49:20","date_gmt":"2025-12-21T20:49:20","guid":{"rendered":"http:\/\/www.lifepilot-ubezpieczenia.pl\/blog\/?page_id=369"},"modified":"2026-02-14T14:13:34","modified_gmt":"2026-02-14T14:13:34","slug":"ubezpieczenia_na_zycie","status":"publish","type":"page","link":"https:\/\/www.lifepilot-ubezpieczenia.pl\/blog\/ubezpieczenia_na_zycie\/","title":{"rendered":"Ubezpieczenia na \u017cycie"},"content":{"rendered":"\t\t<div data-elementor-type=\"wp-page\" data-elementor-id=\"369\" class=\"elementor elementor-369\">\n\t\t\t\t<div class=\"elementor-element elementor-element-8d3b237 e-flex e-con-boxed e-con e-parent\" data-id=\"8d3b237\" data-element_type=\"container\" data-e-type=\"container\">\n\t\t\t\t\t<div class=\"e-con-inner\">\n\t\t\t\t<div class=\"elementor-element elementor-element-db3bcb0 elementor-widget elementor-widget-heading\" data-id=\"db3bcb0\" data-element_type=\"widget\" data-e-type=\"widget\" data-widget_type=\"heading.default\">\n\t\t\t\t\t<h4 class=\"elementor-heading-title elementor-size-default\">Kompleksowa ochrona \u017cycia, zdrowia i stabilno\u015bci finansowej<\/h4>\t\t\t\t<\/div>\n\t\t\t\t\t<\/div>\n\t\t\t\t<\/div>\n\t\t<div class=\"elementor-element elementor-element-f4a2418 e-flex e-con-boxed e-con e-parent\" data-id=\"f4a2418\" data-element_type=\"container\" data-e-type=\"container\">\n\t\t\t\t\t<div class=\"e-con-inner\">\n\t\t<div class=\"elementor-element elementor-element-9ef18b0 e-con-full e-flex e-con e-child\" data-id=\"9ef18b0\" data-element_type=\"container\" data-e-type=\"container\">\n\t\t\t\t<div class=\"elementor-element elementor-element-ed533b1 elementor-widget elementor-widget-text-editor\" data-id=\"ed533b1\" data-element_type=\"widget\" data-e-type=\"widget\" data-widget_type=\"text-editor.default\">\n\t\t\t\t\t\t\t\t\t<p>Ubezpieczenie na \u017cycie to jeden z najwa\u017cniejszych element\u00f3w d\u0142ugofalowego bezpiecze\u0144stwa finansowego. Jego celem jest ochrona \u017cycia i zdrowia ubezpieczonego oraz zabezpieczenie finansowe bliskich w sytuacjach losowych. Odpowiednio dobrana polisa na \u017cycie zapewnia wsparcie w najtrudniejszych momentach \u2013 choroby, wypadku, niezdolno\u015bci do pracy czy \u015bmierci ubezpieczonego.Jako multiagencja ubezpieczeniowa oferujemy pe\u0142ne spektrum ubezpiecze\u0144 na \u017cycie, wsp\u00f3\u0142pracuj\u0105c z renomowanymi towarzystwami ubezpieczeniowymi. Dzi\u0119ki temu mo\u017cemy zaproponowa\u0107 rozwi\u0105zania dopasowane do wieku, sytuacji rodzinnej, zawodowej oraz indywidualnych oczekiwa\u0144 klienta.<\/p>\t\t\t\t\t\t\t\t<\/div>\n\t\t\t\t<\/div>\n\t\t<div class=\"elementor-element elementor-element-e7b2549 e-con-full e-flex e-con e-child\" data-id=\"e7b2549\" data-element_type=\"container\" data-e-type=\"container\">\n\t\t\t\t<div class=\"elementor-element elementor-element-040c064 elementor-widget elementor-widget-image\" data-id=\"040c064\" data-element_type=\"widget\" data-e-type=\"widget\" data-widget_type=\"image.default\">\n\t\t\t\t\t\t\t\t\t\t\t\t<figure class=\"wp-caption\">\n\t\t\t\t\t\t\t\t\t\t<img fetchpriority=\"high\" decoding=\"async\" width=\"1024\" height=\"683\" src=\"https:\/\/www.lifepilot-ubezpieczenia.pl\/blog\/wp-content\/uploads\/2025\/12\/sylwetka-sportive-dziewczyny-cwiczy-joga-w-polu-przy-wschodem-slonca-1024x683.jpg\" class=\"attachment-large size-large wp-image-370\" alt=\"\" srcset=\"https:\/\/www.lifepilot-ubezpieczenia.pl\/blog\/wp-content\/uploads\/2025\/12\/sylwetka-sportive-dziewczyny-cwiczy-joga-w-polu-przy-wschodem-slonca-1024x683.jpg 1024w, https:\/\/www.lifepilot-ubezpieczenia.pl\/blog\/wp-content\/uploads\/2025\/12\/sylwetka-sportive-dziewczyny-cwiczy-joga-w-polu-przy-wschodem-slonca-300x200.jpg 300w, https:\/\/www.lifepilot-ubezpieczenia.pl\/blog\/wp-content\/uploads\/2025\/12\/sylwetka-sportive-dziewczyny-cwiczy-joga-w-polu-przy-wschodem-slonca-768x512.jpg 768w, https:\/\/www.lifepilot-ubezpieczenia.pl\/blog\/wp-content\/uploads\/2025\/12\/sylwetka-sportive-dziewczyny-cwiczy-joga-w-polu-przy-wschodem-slonca-1536x1024.jpg 1536w, https:\/\/www.lifepilot-ubezpieczenia.pl\/blog\/wp-content\/uploads\/2025\/12\/sylwetka-sportive-dziewczyny-cwiczy-joga-w-polu-przy-wschodem-slonca-2048x1365.jpg 2048w\" sizes=\"(max-width: 1024px) 100vw, 1024px\" \/>\t\t\t\t\t\t\t\t\t\t\t<figcaption class=\"widget-image-caption wp-caption-text\">Rado\u015b\u0107 z \u017cycia, \u0142ono natury<\/figcaption>\n\t\t\t\t\t\t\t\t\t\t<\/figure>\n\t\t\t\t\t\t\t\t\t<\/div>\n\t\t\t\t<\/div>\n\t\t\t\t\t<\/div>\n\t\t\t\t<\/div>\n\t\t<div class=\"elementor-element elementor-element-ca17481 e-flex e-con-boxed e-con e-parent\" data-id=\"ca17481\" data-element_type=\"container\" data-e-type=\"container\">\n\t\t\t\t\t<div class=\"e-con-inner\">\n\t\t\t\t<div class=\"elementor-element elementor-element-1b7b7a3 elementor-widget elementor-widget-text-editor\" data-id=\"1b7b7a3\" data-element_type=\"widget\" data-e-type=\"widget\" data-widget_type=\"text-editor.default\">\n\t\t\t\t\t\t\t\t\t<h4>\u2764\ufe0f Ubezpieczenie na \u017cycie \u2013 ochrona podstawowa<\/h4><p>Podstawowa polisa na \u017cycie zapewnia wyp\u0142at\u0119 \u015bwiadczenia w przypadku \u015bmierci ubezpieczonego. \u015arodki te mog\u0105 zosta\u0107 przeznaczone m.in. na:<\/p><ul><li style=\"list-style-type: none;\"><ul><li style=\"list-style-type: none;\"><ul><li style=\"list-style-type: none;\"><ul data-spread=\"false\"><li><p>zabezpieczenie finansowe rodziny,<\/p><\/li><li><p>sp\u0142at\u0119 zobowi\u0105za\u0144 (kredyt hipoteczny, po\u017cyczki),<\/p><\/li><li><p>utrzymanie dotychczasowego standardu \u017cycia bliskich.<\/p><\/li><\/ul><\/li><\/ul><\/li><\/ul><\/li><\/ul><p>Zakres ochrony oraz suma ubezpieczenia ustalane s\u0105 indywidualnie.<br \/><br \/><\/p><h4>\ud83c\udfe5 Ubezpieczenia zdrowotne i od powa\u017cnych zachorowa\u0144<\/h4><p>Rozszerzenie ochrony o ryzyka zdrowotne obejmuje m.in.:<\/p><ul><li style=\"list-style-type: none;\"><ul><li style=\"list-style-type: none;\"><ul><li style=\"list-style-type: none;\"><ul data-spread=\"false\"><li><p>wyp\u0142at\u0119 \u015bwiadcze\u0144 w przypadku zdiagnozowania powa\u017cnych chor\u00f3b (np. nowotw\u00f3r, zawa\u0142, udar),<\/p><\/li><li><p>dost\u0119p do prywatnej opieki medycznej,<\/p><\/li><li><p>finansowanie leczenia, rehabilitacji i rekonwalescencji.<\/p><\/li><\/ul><\/li><\/ul><\/li><\/ul><\/li><\/ul><p>Polisa pozwala skupi\u0107 si\u0119 na zdrowiu, bez obaw o koszty.<br \/><br \/><\/p><h4>\ud83e\udd15 Ubezpieczenie od nast\u0119pstw nieszcz\u0119\u015bliwych wypadk\u00f3w (NNW)<\/h4><p>Ubezpieczenie NNW zapewnia wsparcie finansowe w przypadku:<\/p><ul><li style=\"list-style-type: none;\"><ul><li style=\"list-style-type: none;\"><ul><li style=\"list-style-type: none;\"><ul data-spread=\"false\"><li><p>trwa\u0142ego uszczerbku na zdrowiu,<\/p><\/li><li><p>czasowej niezdolno\u015bci do pracy,<\/p><\/li><li><p>hospitalizacji w wyniku wypadku,<\/p><\/li><li><p>\u015bmierci wskutek nieszcz\u0119\u015bliwego zdarzenia.<\/p><\/li><\/ul><\/li><\/ul><\/li><\/ul><\/li><\/ul><p>\u015awiadczenia wyp\u0142acane s\u0105 proporcjonalnie do zakresu szkody.<br \/><br \/><\/p><h4>\ud83d\udcbc Ubezpieczenie na \u017cycie z ochron\u0105 dochodu<\/h4><p>Polisy z ochron\u0105 dochodu zabezpieczaj\u0105 stabilno\u015b\u0107 finansow\u0105 w przypadku:<\/p><ul><li style=\"list-style-type: none;\"><ul><li style=\"list-style-type: none;\"><ul data-spread=\"false\"><li><p>czasowej lub trwa\u0142ej niezdolno\u015bci do pracy,<\/p><\/li><li><p>d\u0142ugotrwa\u0142ego leczenia,<\/p><\/li><li><p>utraty mo\u017cliwo\u015bci wykonywania zawodu.<\/p><\/li><\/ul><\/li><\/ul><\/li><\/ul><p>Zapewniaj\u0105 regularne \u015bwiadczenie zast\u0119puj\u0105ce utracony doch\u00f3d.<br \/><br \/><\/p><h4>\ud83d\udc68\u200d\ud83d\udc69\u200d\ud83d\udc67\u200d\ud83d\udc66 Ubezpieczenia rodzinne i grupowe<\/h4><p>Ubezpieczenia rodzinne oraz grupowe umo\u017cliwiaj\u0105 obj\u0119cie ochron\u0105:<\/p><ul><li style=\"list-style-type: none;\"><ul><li style=\"list-style-type: none;\"><ul><li style=\"list-style-type: none;\"><ul data-spread=\"false\"><li><p>wsp\u00f3\u0142ma\u0142\u017conka lub partnera,<\/p><\/li><li><p>dzieci,<\/p><\/li><li><p>pracownik\u00f3w w ramach ubezpiecze\u0144 grupowych.<\/p><\/li><\/ul><\/li><\/ul><\/li><\/ul><\/li><\/ul><p>Rozwi\u0105zania te oferuj\u0105 szeroki zakres ochrony przy korzystnych sk\u0142adkach.<br \/><br \/><\/p><h4>\ud83c\udfe6 Ubezpieczenia na \u017cycie powi\u0105zane z kredytem<\/h4><p>Ubezpieczenia kredytowe chroni\u0105 bliskich przed przej\u0119ciem zobowi\u0105za\u0144 finansowych w przypadku:<\/p><ul><li style=\"list-style-type: none;\"><ul><li style=\"list-style-type: none;\"><ul><li style=\"list-style-type: none;\"><ul data-spread=\"false\"><li><p>\u015bmierci kredytobiorcy,<\/p><\/li><li><p>ci\u0119\u017ckiej choroby,<\/p><\/li><li><p>trwa\u0142ej niezdolno\u015bci do pracy.<\/p><\/li><\/ul><\/li><\/ul><\/li><\/ul><\/li><\/ul><p>Polisa zapewnia sp\u0142at\u0119 kredytu lub jego cz\u0119\u015bci.<br \/><br \/><\/p><h4>\ud83d\udcc8 Ubezpieczenia na \u017cycie z elementem oszcz\u0119dno\u015bciowym i inwestycyjnym<\/h4><p>Wybrane polisy umo\u017cliwiaj\u0105:<\/p><ul><li style=\"list-style-type: none;\"><ul><li style=\"list-style-type: none;\"><ul><li style=\"list-style-type: none;\"><ul data-spread=\"false\"><li><p>systematyczne oszcz\u0119dzanie,<\/p><\/li><li><p>budowanie kapita\u0142u na przysz\u0142o\u015b\u0107,<\/p><\/li><li><p>inwestowanie \u015brodk\u00f3w zgodnie z profilem ryzyka.<\/p><\/li><\/ul><\/li><\/ul><\/li><\/ul><\/li><\/ul><p>To rozwi\u0105zanie dla os\u00f3b \u0142\u0105cz\u0105cych ochron\u0119 \u017cycia z planowaniem finansowym.<\/p>\t\t\t\t\t\t\t\t<\/div>\n\t\t\t\t\t<\/div>\n\t\t\t\t<\/div>\n\t\t<div class=\"elementor-element elementor-element-96b9d06 e-flex e-con-boxed e-con e-parent\" data-id=\"96b9d06\" data-element_type=\"container\" data-e-type=\"container\">\n\t\t\t\t\t<div class=\"e-con-inner\">\n\t\t\t\t<div class=\"elementor-element elementor-element-b9ac550 elementor-widget elementor-widget-text-editor\" data-id=\"b9ac550\" data-element_type=\"widget\" data-e-type=\"widget\" data-widget_type=\"text-editor.default\">\n\t\t\t\t\t\t\t\t\t<h4>Dlaczego warto posiada\u0107 ubezpieczenie na \u017cycie?<\/h4><ul data-spread=\"false\"><li><p>ochrona finansowa rodziny i bliskich,<\/p><\/li><li><p>zabezpieczenie dochodu w razie choroby lub wypadku,<\/p><\/li><li><p>wsparcie w leczeniu i rehabilitacji,<\/p><\/li><li><p>sp\u0142ata zobowi\u0105za\u0144 finansowych,<\/p><\/li><li><p>d\u0142ugofalowe planowanie finansowe.<\/p><\/li><\/ul><h4>Skonsultuj swoje ubezpieczenie na \u017cycie<\/h4><p>Ka\u017cda polisa na \u017cycie powinna by\u0107 dopasowana indywidualnie. Skontaktuj si\u0119 z nami, aby otrzyma\u0107 profesjonaln\u0105 analiz\u0119 i ochron\u0119 dopasowan\u0105 do Twoich potrzeb.<\/p><p><a href=\"https:\/\/www.lifepilot-ubezpieczenia.pl\/blog\/kontakt\/\">\ud83d\udc49 <strong>Um\u00f3w si\u0119 na bezp\u0142atn\u0105 konsultacj\u0119 ubezpieczeniow\u0105<\/strong><\/a><\/p>\t\t\t\t\t\t\t\t<\/div>\n\t\t\t\t\t<\/div>\n\t\t\t\t<\/div>\n\t\t\t\t<\/div>\n\t\t","protected":false},"excerpt":{"rendered":"<p>Kompleksowa ochrona \u017cycia, zdrowia i stabilno\u015bci finansowej Ubezpieczenie na \u017cycie to jeden z najwa\u017cniejszych element\u00f3w d\u0142ugofalowego bezpiecze\u0144stwa finansowego. Jego celem jest ochrona \u017cycia i zdrowia ubezpieczonego oraz zabezpieczenie finansowe bliskich w sytuacjach losowych. Odpowiednio dobrana polisa na \u017cycie zapewnia wsparcie w najtrudniejszych momentach \u2013 choroby, wypadku, niezdolno\u015bci do pracy czy \u015bmierci ubezpieczonego.Jako multiagencja ubezpieczeniowa oferujemy [&hellip;]<\/p>\n","protected":false},"author":1,"featured_media":0,"parent":0,"menu_order":0,"comment_status":"closed","ping_status":"closed","template":"","meta":{"_uag_custom_page_level_css":"","site-sidebar-layout":"no-sidebar","site-content-layout":"","ast-site-content-layout":"full-width-container","site-content-style":"default","site-sidebar-style":"default","ast-global-header-display":"","ast-banner-title-visibility":"","ast-main-header-display":"","ast-hfb-above-header-display":"","ast-hfb-below-header-display":"","ast-hfb-mobile-header-display":"","site-post-title":"","ast-breadcrumbs-content":"","ast-featured-img":"disabled","footer-sml-layout":"","ast-disable-related-posts":"","theme-transparent-header-meta":"","adv-header-id-meta":"","stick-header-meta":"","header-above-stick-meta":"","header-main-stick-meta":"","header-below-stick-meta":"","astra-migrate-meta-layouts":"default","ast-page-background-enabled":"default","ast-page-background-meta":{"desktop":{"background-color":"var(--ast-global-color-5)","background-image":"","background-repeat":"repeat","background-position":"center center","background-size":"auto","background-attachment":"scroll","background-type":"","background-media":"","overlay-type":"","overlay-color":"","overlay-opacity":"","overlay-gradient":""},"tablet":{"background-color":"","background-image":"","background-repeat":"repeat","background-position":"center center","background-size":"auto","background-attachment":"scroll","background-type":"","background-media":"","overlay-type":"","overlay-color":"","overlay-opacity":"","overlay-gradient":""},"mobile":{"background-color":"","background-image":"","background-repeat":"repeat","background-position":"center center","background-size":"auto","background-attachment":"scroll","background-type":"","background-media":"","overlay-type":"","overlay-color":"","overlay-opacity":"","overlay-gradient":""}},"ast-content-background-meta":{"desktop":{"background-color":"var(--ast-global-color-4)","background-image":"","background-repeat":"repeat","background-position":"center center","background-size":"auto","background-attachment":"scroll","background-type":"","background-media":"","overlay-type":"","overlay-color":"","overlay-opacity":"","overlay-gradient":""},"tablet":{"background-color":"var(--ast-global-color-4)","background-image":"","background-repeat":"repeat","background-position":"center center","background-size":"auto","background-attachment":"scroll","background-type":"","background-media":"","overlay-type":"","overlay-color":"","overlay-opacity":"","overlay-gradient":""},"mobile":{"background-color":"var(--ast-global-color-4)","background-image":"","background-repeat":"repeat","background-position":"center center","background-size":"auto","background-attachment":"scroll","background-type":"","background-media":"","overlay-type":"","overlay-color":"","overlay-opacity":"","overlay-gradient":""}},"_kadence_starter_templates_imported_post":false,"footnotes":""},"class_list":["post-369","page","type-page","status-publish","hentry"],"yoast_head":"<!-- This site is optimized with the Yoast SEO plugin v27.5 - https:\/\/yoast.com\/product\/yoast-seo-wordpress\/ -->\n<title>ubezpieczenia na \u017cycie<\/title>\n<meta name=\"description\" content=\"Ubezpieczenia zdrowotne i od powa\u017cnych zachorowa\u0144, Ubezpieczenie z ochron\u0105 dochodu i kredytem, z elementem oszcz\u0119dno\u015bciowym i inwestycyjnym.\" \/>\n<meta name=\"robots\" content=\"index, follow, max-snippet:-1, max-image-preview:large, max-video-preview:-1\" \/>\n<link rel=\"canonical\" href=\"https:\/\/www.lifepilot-ubezpieczenia.pl\/blog\/ubezpieczenia_na_zycie\/\" \/>\n<meta property=\"og:locale\" content=\"pl_PL\" \/>\n<meta property=\"og:type\" content=\"article\" \/>\n<meta property=\"og:title\" content=\"ubezpieczenia na \u017cycie\" \/>\n<meta property=\"og:description\" content=\"Ubezpieczenia zdrowotne i od powa\u017cnych zachorowa\u0144, Ubezpieczenie z ochron\u0105 dochodu i kredytem, z elementem oszcz\u0119dno\u015bciowym i inwestycyjnym.\" \/>\n<meta property=\"og:url\" content=\"https:\/\/www.lifepilot-ubezpieczenia.pl\/blog\/ubezpieczenia_na_zycie\/\" \/>\n<meta property=\"og:site_name\" content=\"LifePilot-Ubezpieczenia\" \/>\n<meta property=\"article:modified_time\" content=\"2026-02-14T14:13:34+00:00\" \/>\n<meta property=\"og:image\" content=\"https:\/\/www.lifepilot-ubezpieczenia.pl\/blog\/wp-content\/uploads\/2025\/12\/sylwetka-sportive-dziewczyny-cwiczy-joga-w-polu-przy-wschodem-slonca-1024x683.jpg\" \/>\n<meta name=\"twitter:card\" content=\"summary_large_image\" \/>\n<script type=\"application\/ld+json\" class=\"yoast-schema-graph\">{\"@context\":\"https:\\\/\\\/schema.org\",\"@graph\":[{\"@type\":\"WebPage\",\"@id\":\"https:\\\/\\\/www.lifepilot-ubezpieczenia.pl\\\/blog\\\/ubezpieczenia_na_zycie\\\/\",\"url\":\"https:\\\/\\\/www.lifepilot-ubezpieczenia.pl\\\/blog\\\/ubezpieczenia_na_zycie\\\/\",\"name\":\"ubezpieczenia na \u017cycie\",\"isPartOf\":{\"@id\":\"https:\\\/\\\/www.lifepilot-ubezpieczenia.pl\\\/blog\\\/#website\"},\"primaryImageOfPage\":{\"@id\":\"https:\\\/\\\/www.lifepilot-ubezpieczenia.pl\\\/blog\\\/ubezpieczenia_na_zycie\\\/#primaryimage\"},\"image\":{\"@id\":\"https:\\\/\\\/www.lifepilot-ubezpieczenia.pl\\\/blog\\\/ubezpieczenia_na_zycie\\\/#primaryimage\"},\"thumbnailUrl\":\"https:\\\/\\\/www.lifepilot-ubezpieczenia.pl\\\/blog\\\/wp-content\\\/uploads\\\/2025\\\/12\\\/sylwetka-sportive-dziewczyny-cwiczy-joga-w-polu-przy-wschodem-slonca-1024x683.jpg\",\"datePublished\":\"2025-12-21T20:49:20+00:00\",\"dateModified\":\"2026-02-14T14:13:34+00:00\",\"description\":\"Ubezpieczenia zdrowotne i od powa\u017cnych zachorowa\u0144, Ubezpieczenie z ochron\u0105 dochodu i kredytem, z elementem oszcz\u0119dno\u015bciowym i inwestycyjnym.\",\"breadcrumb\":{\"@id\":\"https:\\\/\\\/www.lifepilot-ubezpieczenia.pl\\\/blog\\\/ubezpieczenia_na_zycie\\\/#breadcrumb\"},\"inLanguage\":\"pl-PL\",\"potentialAction\":[{\"@type\":\"ReadAction\",\"target\":[\"https:\\\/\\\/www.lifepilot-ubezpieczenia.pl\\\/blog\\\/ubezpieczenia_na_zycie\\\/\"]}]},{\"@type\":\"ImageObject\",\"inLanguage\":\"pl-PL\",\"@id\":\"https:\\\/\\\/www.lifepilot-ubezpieczenia.pl\\\/blog\\\/ubezpieczenia_na_zycie\\\/#primaryimage\",\"url\":\"https:\\\/\\\/www.lifepilot-ubezpieczenia.pl\\\/blog\\\/wp-content\\\/uploads\\\/2025\\\/12\\\/sylwetka-sportive-dziewczyny-cwiczy-joga-w-polu-przy-wschodem-slonca-scaled.jpg\",\"contentUrl\":\"https:\\\/\\\/www.lifepilot-ubezpieczenia.pl\\\/blog\\\/wp-content\\\/uploads\\\/2025\\\/12\\\/sylwetka-sportive-dziewczyny-cwiczy-joga-w-polu-przy-wschodem-slonca-scaled.jpg\",\"width\":2560,\"height\":1707,\"caption\":\"Silhouette of young beautiful sportive girl practicing yoga in field at sunrise.\"},{\"@type\":\"BreadcrumbList\",\"@id\":\"https:\\\/\\\/www.lifepilot-ubezpieczenia.pl\\\/blog\\\/ubezpieczenia_na_zycie\\\/#breadcrumb\",\"itemListElement\":[{\"@type\":\"ListItem\",\"position\":1,\"name\":\"Strona g\u0142\u00f3wna\",\"item\":\"https:\\\/\\\/www.lifepilot-ubezpieczenia.pl\\\/blog\\\/\"},{\"@type\":\"ListItem\",\"position\":2,\"name\":\"Ubezpieczenia na \u017cycie\"}]},{\"@type\":\"WebSite\",\"@id\":\"https:\\\/\\\/www.lifepilot-ubezpieczenia.pl\\\/blog\\\/#website\",\"url\":\"https:\\\/\\\/www.lifepilot-ubezpieczenia.pl\\\/blog\\\/\",\"name\":\"LifePilot-Ubezpieczenia\",\"description\":\"LifePilot\",\"publisher\":{\"@id\":\"https:\\\/\\\/www.lifepilot-ubezpieczenia.pl\\\/blog\\\/#organization\"},\"alternateName\":\"Ubezpieczenia all\",\"potentialAction\":[{\"@type\":\"SearchAction\",\"target\":{\"@type\":\"EntryPoint\",\"urlTemplate\":\"https:\\\/\\\/www.lifepilot-ubezpieczenia.pl\\\/blog\\\/?s={search_term_string}\"},\"query-input\":{\"@type\":\"PropertyValueSpecification\",\"valueRequired\":true,\"valueName\":\"search_term_string\"}}],\"inLanguage\":\"pl-PL\"},{\"@type\":\"Organization\",\"@id\":\"https:\\\/\\\/www.lifepilot-ubezpieczenia.pl\\\/blog\\\/#organization\",\"name\":\"LifePilot-Ubezpieczenia\",\"alternateName\":\"LifePilot\",\"url\":\"https:\\\/\\\/www.lifepilot-ubezpieczenia.pl\\\/blog\\\/\",\"logo\":{\"@type\":\"ImageObject\",\"inLanguage\":\"pl-PL\",\"@id\":\"https:\\\/\\\/www.lifepilot-ubezpieczenia.pl\\\/blog\\\/#\\\/schema\\\/logo\\\/image\\\/\",\"url\":\"https:\\\/\\\/www.lifepilot-ubezpieczenia.pl\\\/blog\\\/wp-content\\\/uploads\\\/2025\\\/12\\\/cropped-LifePilot1.png\",\"contentUrl\":\"https:\\\/\\\/www.lifepilot-ubezpieczenia.pl\\\/blog\\\/wp-content\\\/uploads\\\/2025\\\/12\\\/cropped-LifePilot1.png\",\"width\":408,\"height\":455,\"caption\":\"LifePilot-Ubezpieczenia\"},\"image\":{\"@id\":\"https:\\\/\\\/www.lifepilot-ubezpieczenia.pl\\\/blog\\\/#\\\/schema\\\/logo\\\/image\\\/\"}}]}<\/script>\n<!-- \/ Yoast SEO plugin. -->","yoast_head_json":{"title":"ubezpieczenia na \u017cycie","description":"Ubezpieczenia zdrowotne i od powa\u017cnych zachorowa\u0144, Ubezpieczenie z ochron\u0105 dochodu i kredytem, z elementem oszcz\u0119dno\u015bciowym i inwestycyjnym.","robots":{"index":"index","follow":"follow","max-snippet":"max-snippet:-1","max-image-preview":"max-image-preview:large","max-video-preview":"max-video-preview:-1"},"canonical":"https:\/\/www.lifepilot-ubezpieczenia.pl\/blog\/ubezpieczenia_na_zycie\/","og_locale":"pl_PL","og_type":"article","og_title":"ubezpieczenia na \u017cycie","og_description":"Ubezpieczenia zdrowotne i od powa\u017cnych zachorowa\u0144, Ubezpieczenie z ochron\u0105 dochodu i kredytem, z elementem oszcz\u0119dno\u015bciowym i inwestycyjnym.","og_url":"https:\/\/www.lifepilot-ubezpieczenia.pl\/blog\/ubezpieczenia_na_zycie\/","og_site_name":"LifePilot-Ubezpieczenia","article_modified_time":"2026-02-14T14:13:34+00:00","og_image":[{"url":"https:\/\/www.lifepilot-ubezpieczenia.pl\/blog\/wp-content\/uploads\/2025\/12\/sylwetka-sportive-dziewczyny-cwiczy-joga-w-polu-przy-wschodem-slonca-1024x683.jpg","type":"","width":"","height":""}],"twitter_card":"summary_large_image","schema":{"@context":"https:\/\/schema.org","@graph":[{"@type":"WebPage","@id":"https:\/\/www.lifepilot-ubezpieczenia.pl\/blog\/ubezpieczenia_na_zycie\/","url":"https:\/\/www.lifepilot-ubezpieczenia.pl\/blog\/ubezpieczenia_na_zycie\/","name":"ubezpieczenia na \u017cycie","isPartOf":{"@id":"https:\/\/www.lifepilot-ubezpieczenia.pl\/blog\/#website"},"primaryImageOfPage":{"@id":"https:\/\/www.lifepilot-ubezpieczenia.pl\/blog\/ubezpieczenia_na_zycie\/#primaryimage"},"image":{"@id":"https:\/\/www.lifepilot-ubezpieczenia.pl\/blog\/ubezpieczenia_na_zycie\/#primaryimage"},"thumbnailUrl":"https:\/\/www.lifepilot-ubezpieczenia.pl\/blog\/wp-content\/uploads\/2025\/12\/sylwetka-sportive-dziewczyny-cwiczy-joga-w-polu-przy-wschodem-slonca-1024x683.jpg","datePublished":"2025-12-21T20:49:20+00:00","dateModified":"2026-02-14T14:13:34+00:00","description":"Ubezpieczenia zdrowotne i od powa\u017cnych zachorowa\u0144, Ubezpieczenie z ochron\u0105 dochodu i kredytem, z elementem oszcz\u0119dno\u015bciowym i inwestycyjnym.","breadcrumb":{"@id":"https:\/\/www.lifepilot-ubezpieczenia.pl\/blog\/ubezpieczenia_na_zycie\/#breadcrumb"},"inLanguage":"pl-PL","potentialAction":[{"@type":"ReadAction","target":["https:\/\/www.lifepilot-ubezpieczenia.pl\/blog\/ubezpieczenia_na_zycie\/"]}]},{"@type":"ImageObject","inLanguage":"pl-PL","@id":"https:\/\/www.lifepilot-ubezpieczenia.pl\/blog\/ubezpieczenia_na_zycie\/#primaryimage","url":"https:\/\/www.lifepilot-ubezpieczenia.pl\/blog\/wp-content\/uploads\/2025\/12\/sylwetka-sportive-dziewczyny-cwiczy-joga-w-polu-przy-wschodem-slonca-scaled.jpg","contentUrl":"https:\/\/www.lifepilot-ubezpieczenia.pl\/blog\/wp-content\/uploads\/2025\/12\/sylwetka-sportive-dziewczyny-cwiczy-joga-w-polu-przy-wschodem-slonca-scaled.jpg","width":2560,"height":1707,"caption":"Silhouette of young beautiful sportive girl practicing yoga in field at sunrise."},{"@type":"BreadcrumbList","@id":"https:\/\/www.lifepilot-ubezpieczenia.pl\/blog\/ubezpieczenia_na_zycie\/#breadcrumb","itemListElement":[{"@type":"ListItem","position":1,"name":"Strona g\u0142\u00f3wna","item":"https:\/\/www.lifepilot-ubezpieczenia.pl\/blog\/"},{"@type":"ListItem","position":2,"name":"Ubezpieczenia na \u017cycie"}]},{"@type":"WebSite","@id":"https:\/\/www.lifepilot-ubezpieczenia.pl\/blog\/#website","url":"https:\/\/www.lifepilot-ubezpieczenia.pl\/blog\/","name":"LifePilot-Ubezpieczenia","description":"LifePilot","publisher":{"@id":"https:\/\/www.lifepilot-ubezpieczenia.pl\/blog\/#organization"},"alternateName":"Ubezpieczenia all","potentialAction":[{"@type":"SearchAction","target":{"@type":"EntryPoint","urlTemplate":"https:\/\/www.lifepilot-ubezpieczenia.pl\/blog\/?s={search_term_string}"},"query-input":{"@type":"PropertyValueSpecification","valueRequired":true,"valueName":"search_term_string"}}],"inLanguage":"pl-PL"},{"@type":"Organization","@id":"https:\/\/www.lifepilot-ubezpieczenia.pl\/blog\/#organization","name":"LifePilot-Ubezpieczenia","alternateName":"LifePilot","url":"https:\/\/www.lifepilot-ubezpieczenia.pl\/blog\/","logo":{"@type":"ImageObject","inLanguage":"pl-PL","@id":"https:\/\/www.lifepilot-ubezpieczenia.pl\/blog\/#\/schema\/logo\/image\/","url":"https:\/\/www.lifepilot-ubezpieczenia.pl\/blog\/wp-content\/uploads\/2025\/12\/cropped-LifePilot1.png","contentUrl":"https:\/\/www.lifepilot-ubezpieczenia.pl\/blog\/wp-content\/uploads\/2025\/12\/cropped-LifePilot1.png","width":408,"height":455,"caption":"LifePilot-Ubezpieczenia"},"image":{"@id":"https:\/\/www.lifepilot-ubezpieczenia.pl\/blog\/#\/schema\/logo\/image\/"}}]}},"uagb_featured_image_src":{"full":false,"thumbnail":false,"medium":false,"medium_large":false,"large":false,"1536x1536":false,"2048x2048":false},"uagb_author_info":{"display_name":"admin","author_link":"https:\/\/www.lifepilot-ubezpieczenia.pl\/blog\/author\/admin\/"},"uagb_comment_info":0,"uagb_excerpt":"Kompleksowa ochrona \u017cycia, zdrowia i stabilno\u015bci finansowej Ubezpieczenie na \u017cycie to jeden z najwa\u017cniejszych element\u00f3w d\u0142ugofalowego bezpiecze\u0144stwa finansowego. Jego celem jest ochrona \u017cycia i zdrowia ubezpieczonego oraz zabezpieczenie finansowe bliskich w sytuacjach losowych. Odpowiednio dobrana polisa na \u017cycie zapewnia wsparcie w najtrudniejszych momentach \u2013 choroby, wypadku, niezdolno\u015bci do pracy czy \u015bmierci ubezpieczonego.Jako multiagencja ubezpieczeniowa oferujemy&hellip;","_links":{"self":[{"href":"https:\/\/www.lifepilot-ubezpieczenia.pl\/blog\/wp-json\/wp\/v2\/pages\/369","targetHints":{"allow":["GET"]}}],"collection":[{"href":"https:\/\/www.lifepilot-ubezpieczenia.pl\/blog\/wp-json\/wp\/v2\/pages"}],"about":[{"href":"https:\/\/www.lifepilot-ubezpieczenia.pl\/blog\/wp-json\/wp\/v2\/types\/page"}],"author":[{"embeddable":true,"href":"https:\/\/www.lifepilot-ubezpieczenia.pl\/blog\/wp-json\/wp\/v2\/users\/1"}],"replies":[{"embeddable":true,"href":"https:\/\/www.lifepilot-ubezpieczenia.pl\/blog\/wp-json\/wp\/v2\/comments?post=369"}],"version-history":[{"count":7,"href":"https:\/\/www.lifepilot-ubezpieczenia.pl\/blog\/wp-json\/wp\/v2\/pages\/369\/revisions"}],"predecessor-version":[{"id":924,"href":"https:\/\/www.lifepilot-ubezpieczenia.pl\/blog\/wp-json\/wp\/v2\/pages\/369\/revisions\/924"}],"wp:attachment":[{"href":"https:\/\/www.lifepilot-ubezpieczenia.pl\/blog\/wp-json\/wp\/v2\/media?parent=369"}],"curies":[{"name":"wp","href":"https:\/\/api.w.org\/{rel}","templated":true}]}}